{"id":994,"date":"2021-01-31T12:39:27","date_gmt":"2021-01-31T11:39:27","guid":{"rendered":"https:\/\/ff-felde.horpe.org:8101\/?page_id=994"},"modified":"2021-02-06T12:45:45","modified_gmt":"2021-02-06T11:45:45","slug":"uns-beitreten","status":"publish","type":"page","link":"https:\/\/f\u00f6rderverein-ff-felde.de\/?page_id=994","title":{"rendered":"Mitglied werden"},"content":{"rendered":"\n<div class=\"aligncenter wp-block-ugb-text ugb-text ugb-c09b727 ugb-text--design-plain ugb-text--columns-1 ugb-main-block\"><style>.ugb-c09b727 .ugb-inner-block{text-align:center}<\/style><div class=\"ugb-inner-block\"><div class=\"ugb-block-content\"><div class=\"ugb-text__text-wrapper\"><div class=\"ugb-text__text\"><p class=\"ugb-text__text-1\">Sch\u00f6n das du dich f\u00fcr unseren F\u00f6rderverein interessierst.<br>Wenn du uns beitreten m\u00f6chtest geht das auf zwei Arten:<\/p><\/div><\/div><\/div><\/div><\/div>\n\n\n\n<div class=\"wp-block-ugb-text ugb-text ugb-d041c1c ugb-text--design-plain ugb-text--columns-1 ugb-main-block\"><div class=\"ugb-inner-block\"><div class=\"ugb-block-content\"><div class=\"ugb-text__text-wrapper\"><div class=\"ugb-text__text\"><p class=\"ugb-text__text-1\"><strong>Online Antrag<\/strong><br>Du nutzt unser Online-Formular. Dort werden alle ben\u00f6tigten Daten von dir abgefragt und du bekommst ein ausgef\u00fcllten Mitgliedsantrag, mit frankiertem R\u00fcckumschlag, zur Unterschrift zugesandt.<br>Die abgefragten Daten werden ausschlie\u00dflich daf\u00fcr verwendet, den Mitgliedsantrag vorauszuf\u00fcllen und an die angegebene Adresse zu versenden. Anschlie\u00dfend werden die Daten wieder gel\u00f6scht.<\/p><\/div><\/div><\/div><\/div><\/div>\n\n\n\n<div class=\"wp-block-ugb-button ugb-button-wrapper ugb-417af4c ugb-main-block\"><div class=\"ugb-inner-block\"><div class=\"ugb-block-content\"><div class=\"ugb-button-container\"><a class=\"ugb-button1 ugb-button ugb-button--size-normal\" href=\"\/?page_id=1041\" rel=\"\" title=\"\"><span class=\"ugb-button--inner\">Zum Online Antrag<\/span><\/a><\/div><\/div><\/div><\/div>\n\n\n\n<div class=\"wp-block-ugb-text ugb-text ugb-d444224 ugb-text--design-plain ugb-text--columns-1 ugb-main-block\"><div class=\"ugb-inner-block\"><div class=\"ugb-block-content\"><div class=\"ugb-text__text-wrapper\"><div class=\"ugb-text__text\"><p class=\"ugb-text__text-1\"><strong>Mitgliedsantrag ausf\u00fcllen<\/strong><br>Du druckst den Mitgliedsantrag aus und sendest ihn ausgef\u00fcllt an:<br><br>F\u00f6rderverein Freiwillige Feuerwehr Felde e.V.<br>Finkenweg 7<br>27339 Riede<\/p><\/div><\/div><\/div><\/div><\/div>\n\n\n\n<div class=\"wp-block-file\"><a href=\"https:\/\/f\u00f6rderverein-ff-felde.de\/wp-content\/uploads\/2021\/02\/Eintrittserklaerung-FV.pdf\">Mitgliedsantrag<\/a><a href=\"https:\/\/f\u00f6rderverein-ff-felde.de\/wp-content\/uploads\/2021\/02\/Eintrittserklaerung-FV.pdf\" class=\"wp-block-file__button\" download>Herunterladen<\/a><\/div>\n\n\n\n<div class=\"wp-block-file\"><a href=\"https:\/\/f\u00f6rderverein-ff-felde.de\/wp-content\/uploads\/2021\/02\/Datenschutzerklaerung-FV.pdf\">Datenschutzerkl\u00e4rung<\/a><a href=\"https:\/\/f\u00f6rderverein-ff-felde.de\/wp-content\/uploads\/2021\/02\/Datenschutzerklaerung-FV.pdf\" class=\"wp-block-file__button\" download>Herunterladen<\/a><\/div>\n\n\n\n<div class=\"wp-block-file\"><a href=\"https:\/\/f\u00f6rderverein-ff-felde.de\/wp-content\/uploads\/2021\/02\/Satzung-FV.pdf\">Satzung<\/a><a href=\"https:\/\/f\u00f6rderverein-ff-felde.de\/wp-content\/uploads\/2021\/02\/Satzung-FV.pdf\" class=\"wp-block-file__button\" download>Herunterladen<\/a><\/div>\n\n\n\n<p><\/p>\n","protected":false},"excerpt":{"rendered":"<p>Sch\u00f6n das du dich f\u00fcr unseren F\u00f6rderverein interessierst.Wenn du uns beitreten m\u00f6chtest geht das auf zwei Arten: Online AntragDu nutzt unser Online-Formular. Dort werden alle ben\u00f6tigten Daten von dir abgefragt und du bekommst ein ausgef\u00fcllten Mitgliedsantrag, mit frankiertem R\u00fcckumschlag, zur Unterschrift zugesandt.Die abgefragten Daten werden ausschlie\u00dflich daf\u00fcr verwendet, den Mitgliedsantrag vorauszuf\u00fcllen und an die angegebene Adresse zu versenden. Anschlie\u00dfend werden die Daten wieder gel\u00f6scht. Zum Online Antrag Mitgliedsantrag ausf\u00fcllenDu druckst den Mitgliedsantrag aus und sendest ihn ausgef\u00fcllt an: F\u00f6rderverein Freiwillige Feuerwehr Felde e.V.Finkenweg 727339 Riede<\/p>\n","protected":false},"author":1,"featured_media":0,"parent":0,"menu_order":0,"comment_status":"closed","ping_status":"closed","template":"","meta":[],"blocksy_meta":{"page_title_panel":"","has_hero_section":"default","27cb0f7ae478d80e7534957ff5f123bb":"","hero_section":"type-1","hero_elements":[{"id":"custom_title","enabled":true,"heading_tag":"h1","title":"Startseite"},{"id":"custom_description","enabled":true,"description_visibility":{"desktop":true,"tablet":true,"mobile":false}},{"id":"custom_meta","enabled":false,"meta_elements":[{"id":"author","enabled":true,"label":"Von","has_author_avatar":"yes","avatar_size":25},{"id":"post_date","enabled":true,"label":"Am","date_format_source":"default","date_format":"M j, Y"},{"id":"comments","enabled":true}],"page_meta_elements":{"joined":true,"articles_count":true,"comments":true}},{"id":"breadcrumbs","enabled":false}],"ffbdfae24535391b360905087b03967e":"","hero_alignment1":"left","hero_margin":{"desktop":50,"tablet":30,"mobile":30},"hero_alignment2":"center","hero_vertical_alignment":"center","7183c9f5926dee4cd05e7d4e773a1bd7":"","hero_structure":"narrow","d58b2f1908fcb45ae27b898c65cd4c40":"","page_title_bg_type":"featured_image","custom_hero_background":{"attachment_id":null},"parallax":{"desktop":false,"tablet":false,"mobile":false},"d113651f6eb422ef02ca150a1b023967":"","hero_height":"250px","pageTitleFont":{"family":"Default","variation":"Default","size":{"desktop":"32px","tablet":"30px","mobile":"25px"},"line-height":"CT_CSS_SKIP_RULE","letter-spacing":"CT_CSS_SKIP_RULE","text-transform":"CT_CSS_SKIP_RULE","text-decoration":"CT_CSS_SKIP_RULE"},"pageTitleFontColor":{"default":{"color":"CT_CSS_SKIP_RULEDEFAULT"}},"pageMetaFont":{"family":"Default","variation":"n6","size":"12px","line-height":"1.3","letter-spacing":"CT_CSS_SKIP_RULE","text-transform":"uppercase","text-decoration":"CT_CSS_SKIP_RULE"},"pageMetaFontColor":{"default":{"color":"CT_CSS_SKIP_RULEDEFAULT"},"hover":{"color":"CT_CSS_SKIP_RULEDEFAULT"}},"pageExcerptFont":{"family":"Default","variation":"Default","size":"CT_CSS_SKIP_RULE","line-height":"CT_CSS_SKIP_RULE","letter-spacing":"CT_CSS_SKIP_RULE","text-transform":"CT_CSS_SKIP_RULE","text-decoration":"CT_CSS_SKIP_RULE"},"pageExcerptColor":{"default":{"color":"CT_CSS_SKIP_RULEDEFAULT"}},"breadcrumbsFont":{"family":"Default","variation":"n6","size":"12px","line-height":"CT_CSS_SKIP_RULE","letter-spacing":"CT_CSS_SKIP_RULE","text-transform":"uppercase","text-decoration":"CT_CSS_SKIP_RULE"},"breadcrumbsFontColor":{"default":{"color":"CT_CSS_SKIP_RULEDEFAULT"},"initial":{"color":"CT_CSS_SKIP_RULEDEFAULT"},"hover":{"color":"CT_CSS_SKIP_RULEDEFAULT"}},"pageTitleOverlay":{"default":{"color":"CT_CSS_SKIP_RULE"}},"pageTitleBackground":{"background_type":"color","background_pattern":"type-1","background_image":{"attachment_id":null,"x":0,"y":0},"gradient":"linear-gradient(135deg,rgba(6,147,227,1) 0%,rgb(155,81,224) 100%)","background_repeat":"no-repeat","background_size":"auto","background_attachment":"scroll","patternColor":{"default":{"color":"#e5e7ea"}},"overlayColor":{"default":{"color":"CT_CSS_SKIP_RULE"}},"backgroundColor":{"default":{"color":"#EDEFF2"}}},"pageTitlePadding":{"top":"50px","bottom":"50px","left":"auto","right":"auto","linked":true},"baf9dea1cce6df4f993989a2907bf190":"","page_structure_type":"type-1","content_style":"inherit","vertical_spacing_source":"inherit","content_area_spacing":"both","background":{"background_type":"color","background_pattern":"type-1","background_image":{"attachment_id":null,"x":0,"y":0},"gradient":"linear-gradient(135deg,rgba(6,147,227,1) 0%,rgb(155,81,224) 100%)","background_repeat":"no-repeat","background_size":"auto","background_attachment":"scroll","patternColor":{"default":{"color":"#e5e7ea"}},"overlayColor":{"default":{"color":"CT_CSS_SKIP_RULE"}},"backgroundColor":{"default":{"color":"CT_CSS_SKIP_RULE"}}},"content_background":{"background_type":"color","background_pattern":"type-1","background_image":{"attachment_id":null,"x":0,"y":0},"gradient":"linear-gradient(135deg,rgba(6,147,227,1) 0%,rgb(155,81,224) 100%)","background_repeat":"no-repeat","background_size":"auto","background_attachment":"scroll","patternColor":{"default":{"color":"#e5e7ea"}},"overlayColor":{"default":{"color":"CT_CSS_SKIP_RULE"}},"backgroundColor":{"default":{"color":"#ffffff"}}},"content_boxed_shadow":{"inherit":false,"blur":18,"spread":-6,"v_offset":12,"h_offset":0,"inset":false,"enable":true,"color":{"color":"rgba(34, 56, 101, 0.04)"}},"boxed_content_spacing":{"desktop":{"top":"40px","bottom":"40px","left":"40px","right":"40px","linked":true},"tablet":{"top":"35px","bottom":"35px","left":"35px","right":"35px","linked":true},"mobile":{"top":"20px","bottom":"20px","left":"20px","right":"20px","linked":true}},"content_boxed_radius":{"top":"3px","bottom":"3px","left":"3px","right":"3px","linked":true},"d38933e909e494a81be553a2b2c6a04c":"","disable_featured_image":"no","disable_header":"no","disable_footer":"no"},"featured_image_urls":{"full":"","thumbnail":"","medium":"","medium_large":"","large":"","1536x1536":"","2048x2048":""},"post_excerpt_stackable":"<p>Sch\u00f6n das du dich f\u00fcr unseren F\u00f6rderverein interessierst.Wenn du uns beitreten m\u00f6chtest geht das auf zwei Arten: Online AntragDu nutzt unser Online-Formular. Dort werden alle ben\u00f6tigten Daten von dir abgefragt und du bekommst ein ausgef\u00fcllten Mitgliedsantrag, mit frankiertem R\u00fcckumschlag, zur Unterschrift zugesandt.Die abgefragten Daten werden ausschlie\u00dflich daf\u00fcr verwendet, den Mitgliedsantrag vorauszuf\u00fcllen und an die angegebene Adresse zu versenden. Anschlie\u00dfend werden die Daten wieder gel\u00f6scht. Zum Online Antrag Mitgliedsantrag ausf\u00fcllenDu druckst den Mitgliedsantrag aus und sendest ihn ausgef\u00fcllt an:F\u00f6rderverein Freiwillige Feuerwehr Felde e.V.Finkenweg 727339 Riede MitgliedsantragHerunterladen Datenschutzerkl\u00e4rungHerunterladen SatzungHerunterladen<\/p>\n","category_list":"","author_info":{"name":"Thomas","url":"https:\/\/f\u00f6rderverein-ff-felde.de\/?author=1"},"comments_num":"0 comments","featured_image_urls_v2":{"full":"","thumbnail":"","medium":"","medium_large":"","large":"","1536x1536":"","2048x2048":""},"post_excerpt_stackable_v2":"<p>Sch\u00f6n das du dich f\u00fcr unseren F\u00f6rderverein interessierst.Wenn du uns beitreten m\u00f6chtest geht das auf zwei Arten: Online AntragDu nutzt unser Online-Formular. Dort werden alle ben\u00f6tigten Daten von dir abgefragt und du bekommst ein ausgef\u00fcllten Mitgliedsantrag, mit frankiertem R\u00fcckumschlag, zur Unterschrift zugesandt.Die abgefragten Daten werden ausschlie\u00dflich daf\u00fcr verwendet, den Mitgliedsantrag vorauszuf\u00fcllen und an die angegebene Adresse zu versenden. Anschlie\u00dfend werden die Daten wieder gel\u00f6scht. Zum Online Antrag Mitgliedsantrag ausf\u00fcllenDu druckst den Mitgliedsantrag aus und sendest ihn ausgef\u00fcllt an:F\u00f6rderverein Freiwillige Feuerwehr Felde e.V.Finkenweg 727339 Riede MitgliedsantragHerunterladen Datenschutzerkl\u00e4rungHerunterladen SatzungHerunterladen<\/p>\n","category_list_v2":"","author_info_v2":{"name":"Thomas","url":"https:\/\/f\u00f6rderverein-ff-felde.de\/?author=1"},"comments_num_v2":"0 comments","_links":{"self":[{"href":"https:\/\/f\u00f6rderverein-ff-felde.de\/index.php?rest_route=\/wp\/v2\/pages\/994"}],"collection":[{"href":"https:\/\/f\u00f6rderverein-ff-felde.de\/index.php?rest_route=\/wp\/v2\/pages"}],"about":[{"href":"https:\/\/f\u00f6rderverein-ff-felde.de\/index.php?rest_route=\/wp\/v2\/types\/page"}],"author":[{"embeddable":true,"href":"https:\/\/f\u00f6rderverein-ff-felde.de\/index.php?rest_route=\/wp\/v2\/users\/1"}],"replies":[{"embeddable":true,"href":"https:\/\/f\u00f6rderverein-ff-felde.de\/index.php?rest_route=%2Fwp%2Fv2%2Fcomments&post=994"}],"version-history":[{"count":14,"href":"https:\/\/f\u00f6rderverein-ff-felde.de\/index.php?rest_route=\/wp\/v2\/pages\/994\/revisions"}],"predecessor-version":[{"id":1108,"href":"https:\/\/f\u00f6rderverein-ff-felde.de\/index.php?rest_route=\/wp\/v2\/pages\/994\/revisions\/1108"}],"wp:attachment":[{"href":"https:\/\/f\u00f6rderverein-ff-felde.de\/index.php?rest_route=%2Fwp%2Fv2%2Fmedia&parent=994"}],"curies":[{"name":"wp","href":"https:\/\/api.w.org\/{rel}","templated":true}]}}