{"id":962,"date":"2021-01-30T19:57:07","date_gmt":"2021-01-30T18:57:07","guid":{"rendered":"https:\/\/ff-felde.horpe.org:8101\/?page_id=962"},"modified":"2021-02-03T19:37:40","modified_gmt":"2021-02-03T18:37:40","slug":"satzung","status":"publish","type":"page","link":"https:\/\/f\u00f6rderverein-ff-felde.de\/?page_id=962","title":{"rendered":"Satzung"},"content":{"rendered":"\n<div class=\"wp-block-file\"><a href=\"https:\/\/f\u00f6rderverein-ff-felde.de\/wp-content\/uploads\/2021\/02\/Satzung-FV.pdf\">Satzung zum Herunterladen<\/a><a href=\"https:\/\/f\u00f6rderverein-ff-felde.de\/wp-content\/uploads\/2021\/02\/Satzung-FV.pdf\" class=\"wp-block-file__button\" download>Herunterladen<\/a><\/div>\n\n\n\n<div class=\"wp-block-ugb-text ugb-text ugb-dbb9734 ugb-text--design-plain ugb-text--columns-1 ugb-main-block\"><div class=\"ugb-inner-block\"><div class=\"ugb-block-content\"><div class=\"ugb-text__text-wrapper\"><div class=\"ugb-text__text\"><p class=\"ugb-text__text-1\"><strong>F\u00f6rderverein Freiwillige Feuerwehr Felde e.V.<\/strong><br><strong>&nbsp;<\/strong><br><strong>\u00a71 Name, Sitz, Rechtsform<\/strong><br><strong>&nbsp;<\/strong><br><strong>1.1<\/strong> Der Verein f\u00fchrt den Namen \u201eF\u00f6rderverein Freiwillige Feuerwehr Felde e.V.<br><strong>1.2<\/strong> Der Sitz des F\u00f6rdervereins ist Felde<br><strong>1.3<\/strong>. Der Verein ist in das Vereinsregister beim Amtsgericht Walsrode eingetragen.<br>&nbsp;<br><strong>\u00a72 Zweck und Aufgaben<\/strong><br>&nbsp;<br><strong>2.1.<\/strong> Zweck des Vereins:<br>\u2022 Die F\u00f6rderung des Brandschutzes.<br>\u2022 Die F\u00f6rderung der Jugendfeuerwehr.<br>\u2022 Die F\u00f6rderung von Brandschutzerziehung und Brandschutzaufkl\u00e4rung.<br>\u2022 Die Geschichte der Freiwilligen Feuerwehr zu pflegen und zu f\u00f6rdern.<br>\u2022 Die F\u00f6rderung und Pflege der Kameradschaft unter den Angeh\u00f6rigen der<br>&nbsp;&nbsp; Freiwilligen Feuerwehr<br><strong>2.2.<\/strong> Politische und religi\u00f6se Bet\u00e4tigungen sind ausgeschlossen.<br><strong>2.3.<\/strong> Der Satzungszweck wird verwirklicht insbesondere durch:<br>\u2022 Ma\u00dfnahmen und Veranstaltungen zur Brandschutzerziehung und Aufkl\u00e4rung.<br>\u2022 \u00d6ffentlichkeitsarbeit und Brauchtumspflege.<br>\u2022 Ver\u00f6ffentlichungen, Ma\u00dfnahmen und Veranstaltungen im Rahmen der&nbsp;<br>&nbsp;&nbsp;&nbsp; Nachwuchsf\u00f6rderung.<br>\u2022 Verwaltung, Schutz und Pflege des Eigentums des Vereins.<br>\u2022 Anschaffungen von Arbeits-, Informations-, Schulungsmaterial und<br>&nbsp;&nbsp; Kostenbeteiligung bei Aus- und Fortbildung zur Verbesserung der Sicherheit der &nbsp;&nbsp;&nbsp;<br>&nbsp; Mitglieder und Einsatzf\u00e4higkeit der Feuerwehr Felde \u00fcber die gesetzliche<br>&nbsp; Verpflichtung des Tr\u00e4gers der Feuerwehr hinaus.<br>\u2022 Veranstaltungen und Ma\u00dfnahmen zur Partnerschaftspflege zu anderen &nbsp;&nbsp;&nbsp;<br>&nbsp; Organisationen und Vereinen.<br>\u2022 Durchf\u00fchrung von Sport- und Vergleichswettbewerben<br>&nbsp;<br><strong>\u00a7 3 Mittel<\/strong><br>&nbsp;<br><strong>3.1.<\/strong> Die Mittel zur Erreichung des Vereinszwecks werden aufgebracht durch:<br>\u2022 J\u00e4hrliche Mitgliedsbeitr\u00e4ge, deren H\u00f6he von der Mitgliederversammlung festzusetzen ist.<br>\u2022 Freiwillige Zuwendungen und Spenden<br>\u2022 Vereinst\u00e4tigkeiten<br>\u2022 Zusch\u00fcsse aus \u00f6ffentlichen Mitteln<br><strong>3.2.<\/strong> Das Gesch\u00e4ftsjahr ist das Kalenderjahr.<br>&nbsp;<br><strong>\u00a7 4 Mittelverwendung<\/strong><br><strong>&nbsp;<\/strong><br><strong>4.1.<\/strong> Die Mittel des Vereins sind ausschlie\u00dflich zu satzungsgem\u00e4\u00dfen Zwecken zu verwenden.<br><strong>4.2.<\/strong> Mitglieder erhalten keine Zuwendungen aus Mitteln des Vereins.<br><strong>4.3.<\/strong> Es darf keine Person durch Ausgaben, die den Zwecken des Vereins fremd sind oder durch unverh\u00e4ltnism\u00e4\u00dfig hohe Verg\u00fctungen anderweitig beg\u00fcnstigt werden.<br>&nbsp;<br><strong>\u00a7 5 Mitglieder<\/strong><br>&nbsp;<br><strong>5.1.<\/strong> Mitglied des Vereins k\u00f6nnen alle nat\u00fcrlichen und juristischen Personen sein.<br><strong>5.2.<\/strong> Die Mitgliedschaft muss schriftlich beim Vorstand beantragt werden. \u00dcber die Aufnahme entscheidet der Vorstand. Die Ablehnung einer Mitgliedschaft bedarf keiner Begr\u00fcndung.<br><strong>5.3.<\/strong> Der Vorstand kann der Mitgliederversammlung vorschlagen, eine Person wegen ihrer besonderen Verdienste f\u00fcr die Feuerwehr oder den F\u00f6rderverein zum Ehrenmitglied zu ernennen.<br>&nbsp;<br><strong>\u00a7 6 Beendigung der Mitgliedschaft<\/strong><br>&nbsp;<br><strong>6.1.<\/strong> Die Mitgliedschaft endet:<br>\u2022 Durch Austritt<br>\u2022 Durch Ausschluss<br>\u2022 Mit dem Tode<br><strong>6.2.<\/strong> Der Austritt eines Mitgliedes ist nur zum Jahresende mit einer K\u00fcndigungsfrist von 4 Wochen m\u00f6glich. Der Austritt muss durch schriftliche Erkl\u00e4rung gegen\u00fcber dem Vorstand erfolgen.<br><strong>6.3.<\/strong> Ein Mitglied kann durch Beschluss des Vorstandes aus dem F\u00f6rderverein ausgeschlossen werden wenn:<br>\u2022 Trotz Mahnung mit der Zahlung eines Beitrages im R\u00fcckstand ist<br>\u2022 Gegen die Vereinsinteressen verst\u00f6\u00dft<br>\u2022 Das Ansehen des Vereins sch\u00e4digt.<br><strong>6.4.<\/strong> Ein Mitglied, das aus dem Verein ausscheidet oder aus dem Verein ausgeschlossen wird, hat keine Anspr\u00fcche an das Vereinsverm\u00f6gen. Bezahlte Beitragsbetr\u00e4ge werden nicht r\u00fcckerstattet.<br>&nbsp;<br><strong>\u00a7 7 Beitr\u00e4ge<\/strong><br>&nbsp;<br><strong>7.1.<\/strong> Die H\u00f6he des Beitrages bestimmt das Mitglied nach eigenem Ermessen, mindestens aber den auf der Mitgliederversammlung beschlossenen Betrag.<br><strong>7.2.<\/strong> Mitgliedsbeitragsfrei sind:<br>\u2022 Ehrenmitglieder des Vereins<br>&nbsp;<br><strong>\u00a7 8 Organe<\/strong><br>&nbsp;<br><strong>8.1.<\/strong> Organe des Vereins sind:<br>\u2022 Der Vorstand<br>\u2022 Der gesch\u00e4ftsf\u00fchrende Vorstand<br>\u2022 Die Mitgliederversammlung<br>&nbsp;<br><strong>\u00a7 9 Der Vorstand<\/strong><br>&nbsp;<br><strong>9.1.<\/strong> Der Vorstand setzt sich wie folgt zusammen:<br><strong>9.1.1<\/strong> Dem \/der Vorsitzenden<br><strong>9.1.2<\/strong> Dem \/ der stellvertretenden Vorsitzenden<br><strong>9.1.3<\/strong> Dem \/ der Kassenwart \/ in<br><strong>9.1.4<\/strong> Dem \/ der Schriftf\u00fchrer \/ in<br><strong>9.1.5<\/strong> Einem \/ einer Beisitzer \/ in<br><strong>9.2.<\/strong> Vorstandsmitglieder k\u00f6nnen nur nat\u00fcrliche Personen aus den Reihen des F\u00f6rdervereins sein. Der\/die 1. Vorsitzende, sein\/seine Stellvertreter\/in und der &nbsp;Kassenwart des Vorstandes m\u00fcssen in erster Linie Mitglied des erweiterten Ortskommandos der Freiwilligen Feuerwehr Felde sein. Ist dieses nicht m\u00f6glich, k\u00f6nnen in zweiter Linie aktive Mitglieder oder Alterskammeraden der Freiwilligen Feuerwehr Felde Vorstandsmitglieder sein.<br><strong>9.3.<\/strong> Der Vorstand wird von der Mitgliederversammlung (nach \u00a713 dieser Satzung) mit einfacher Stimmenmehrheit f\u00fcr die Dauer von drei Jahren gew\u00e4hlt<br><strong>9.4.<\/strong> Die jeweils amtierenden Vorstandsmitglieder bleiben nach Ablauf ihrer Amtszeit im Amt, bis sie von den gew\u00e4hlten Nachfolgern abgel\u00f6st werden.<br><strong>9.5.<\/strong> Scheidet ein Mitglied des Vorstandes w\u00e4hrend der Amtsperiode aus, w\u00e4hlt der \u00fcbrige Vorstand einstimmig ein Ersatzmitglied bis zur n\u00e4chsten Mitgliederversammlung.<br><strong>9.6.<\/strong> Der Vorstand tritt je nach Bedarf zu Sitzungen zusammen, au\u00dferdem, wenn mindestens 3 Vorstandsmitglieder dieses beantragen.<br><strong>9.7.<\/strong> Die Einladungen zu Sitzungen des Vorstandes erfolgt schriftlich (ggf. elektronisch) durch den\/die Vorsitzende\/n oder den\/die stellvertretende\/n Vorsitzenden unter Einhaltung einer Einladefrist von mindestens 7 Tagen.<br><strong>9.8.<\/strong> In Ausnahmef\u00e4llen kann von \u00a7 9 Absatz 9.7. abgewichen werden.<br><strong>9.9<\/strong>. Der Vorstand ist bei Anwesenheit von mindestens der H\u00e4lfte der Mitglieder beschlussf\u00e4hig, darunter muss der Vorsitzende oder sein Vertreter sein. Der Vorstand fasst Beschl\u00fcsse mit einfacher Stimmenmehrheit. Bei Stimmengleichheit gibt das Votum des\/der versammlungsleitenden Vorsitzenden den Ausschlag.<br><strong>9.10.<\/strong> Die Sitzungen des Vorstandes sind nicht \u00f6ffentlich und werden von dem \/ der Schriftf\u00fchrer \/ in protokolliert, von dem\/der versammlungsleitenden Vorsitzenden und von dem\/der Schriftf\u00fchrer\/in unterschrieben und stehen den Mitgliedern des Vorstandes jederzeit zur Einsichtnahme zur Verf\u00fcgung.<br><strong>9.11.<\/strong> Die T\u00e4tigkeit im Vorstand ist ehrenamtlich.<br>&nbsp;<br><strong>\u00a7 10 Der gesch\u00e4ftsf\u00fchrende Vorstand<\/strong><br>&nbsp;<br><strong>10.1.<\/strong> Der gesch\u00e4ftsf\u00fchrende Vorstand besteht aus den Vorstandsmitgliedern entsprechend \u00a7 9 Absatz 1.1 bis 1.3 im Sinne des \u00a7 26 BGB.<br>Jeder ist bis \u20ac 500,- allein vertretungsberechtigt, \u00fcber \u20ac 500,- sind zwei Mitglieder des gesch\u00e4ftsf\u00fchrenden Vorstands gemeinsam vertretungsberechtigt. Die Verf\u00fcgungsbeschr\u00e4nkung gilt f\u00fcr das Innenverh\u00e4ltnis.<br><strong>10.2.<\/strong> Der gesch\u00e4ftsf\u00fchrende Vorstand ist berechtigt, unabwendbare und unaufschiebbare Angelegenheiten, die an sich anderen Organen zugewiesen sind, einstimmig zu entscheiden.<br>Diese Entscheidungen sind den zust\u00e4ndigen Organen in ihrer n\u00e4chsten Sitzung zur Best\u00e4tigung vorzulegen.<br><strong>10.3.<\/strong> Der gesch\u00e4ftsf\u00fchrende Vorstand bereitet die Sitzungen, Tagungen und Veranstaltungen des Vereins vor und f\u00fchrt sie mit durch.<br><strong>&nbsp;<\/strong><br><strong>\u00a7 11 Gesch\u00e4ftsbereich des Vorstandes<\/strong><br>&nbsp;<br><strong>11.1.<\/strong> Der Vorstand beschlie\u00dft \u00fcber alle Vereinsangelegenheiten, soweit sie nicht nach dieser Satzung eines Beschlusses der Mitgliederversammlung bed\u00fcrfen.<br><strong>11.2.<\/strong> Der Vorstand f\u00fchrt die Vereinsgesch\u00e4fte nach Gesetz, Satzung sowie den Beschl\u00fcssen und den Richtlinien der Mitgliederversammlung.<br><strong>11.3.<\/strong> Die Haftung des Vorstandes ist auf das Vereinsverm\u00f6gen beschr\u00e4nkt. Die Mitglieder haften nicht mit ihrem pers\u00f6nlichen Eigentum bei Anspr\u00fcchen gegen den Verein.<br><strong>11.4.<\/strong> Der\/die Kassenwart\/in ist f\u00fcr die ordnungsgem\u00e4\u00dfe Erledigung der Kassengesch\u00e4fte verantwortlich. \u00dcber alle Einnahmen und Ausgaben ist Buch zu<br>f\u00fchren.<br><strong>11.5.<\/strong> Der Vorstand ist verpflichtet, der Mitgliederversammlung einen T\u00e4tigkeits- und<br>Kassenbericht vorzulegen.<br>&nbsp;<br><strong>\u00a7 12 Kassenpr\u00fcfer<\/strong><br>&nbsp;<br><strong>12.1.<\/strong> Es werden 2 Kassenpr\u00fcfer\/innen von der Mitgliederversammlung mit einfacher Mehrheit f\u00fcr eine Amtszeit von 2 Jahren gew\u00e4hlt. Ein\/e Kassenpr\u00fcfer\/in scheidet<br>j\u00e4hrlich aus.<br><strong>12.2.<\/strong> Die Kassenpr\u00fcfer d\u00fcrfen nicht dem Vorstand angeh\u00f6ren. Sie haben die Pflicht, die Vereinskasse und die Buchf\u00fchrung j\u00e4hrlich zu pr\u00fcfen. Weitere Pr\u00fcfungen sind auf Antrag der Mitgliederversammlung zul\u00e4ssig.<br><strong>12.3.<\/strong> \u00dcber die Pr\u00fcfungen haben die Kassenpr\u00fcfer der Mitgliederversammlung Bericht zu erstatten und die Entlastung des Vorstandes zu beantragen.<br>&nbsp;<br><strong>\u00a7 13 Mitgliederversammlung<\/strong><br>&nbsp;<br><strong>13.1.<\/strong> Der Mitgliederversammlung geh\u00f6ren alle Vereinsmitglieder mit je einer Stimme an. Das Wahlrecht besteht ab einem Alter von 16 Jahren. Das Stimmrecht ist nicht \u00fcbertragbar, Stimmenh\u00e4ufung ist unzul\u00e4ssig.<br><strong>13.2.<\/strong> Die Mitgliederversammlung findet mindestens einmal j\u00e4hrlich statt. Sie wird vom Vorstand in schriftlicher Form (Brief oder E-Mail) einberufen. Die Einladungsfrist betr\u00e4gt 3 Wochen.<br><strong>13.3.<\/strong> Antr\u00e4ge f\u00fcr die Versammlung sind mindestens 2 Wochen vor der Mitgliederversammlung schriftlich beim Vorstand einzureichen.<br><strong>13.4.<\/strong> Eine au\u00dferordentliche Mitgliederversammlung ist einzuberufen, wenn<br>\u2022 die Mehrheit des Vorstandes dieses f\u00fcr erforderlich h\u00e4lt<br>\u2022 mindestens ein Drittel der Mitglieder dieses schriftlich und unter Angabe von Gr\u00fcnden verlangt.<br><strong>13.5.<\/strong> Die Mitgliederversammlung ist bei ordnungsgem\u00e4\u00dfer Einladung ohne R\u00fccksicht auf die Anzahl der Erschienenen beschlussf\u00e4hig.<br><strong>13.6.<\/strong> Die Mitgliederversammlung wird vom Vorstandsvorsitzenden oder dem Vertreter geleitet.<br><strong>13.7.<\/strong> Beschl\u00fcsse werden, sofern der Versammlungsleiter nicht etwas anderes bestimmt, offen, durch Handaufheben, mit einfacher Stimmenmehrheit getroffen. Bei Stimmengleichheit gilt ein Antrag als abgelehnt.<br><strong>13.8.<\/strong> Die Sitzungen und die Beschl\u00fcsse der Mitgliederversammlungen werden schriftlich von dem\/der Schriftf\u00fchrer\/in protokolliert, von dem\/der versammlungsleitenden Vorsitzenden und von dem\/der Schriftf\u00fchrer\/in unterschrieben und stehen den Vereinsmitgliedern jederzeit zur Einsichtnahme zur Verf\u00fcgung.<br><strong>13.9.<\/strong> Satzungs\u00e4nderungen bed\u00fcrfen einer 2\/3 Mehrheit der Mitgliederversammlung.<br><strong>13.10.<\/strong> Die j\u00e4hrliche Mitgliedergliederversammlung findet am letzten Montag im Januar statt.<br>&nbsp;<br>&nbsp;<br>&nbsp;<br><strong>\u00a7 14 Aufl\u00f6sung des Vereins<\/strong><br>&nbsp;<br><strong>14.1.<\/strong> Der F\u00f6rderverein wird aufgel\u00f6st wenn in einer hierzu einberufenen Mitgliederversammlung mindestens 4\/5 aller Mitglieder anwesend sind und 3\/4 hiervon die Aufl\u00f6sung beschlie\u00dfen.<br><strong>14.2.<\/strong> Bei der Aufl\u00f6sung des F\u00f6rdervereins oder bei Wegfall des gemeinn\u00fctzigen Zwecks wird das Vereinsverm\u00f6gen, der Freiwilligen Feuerwehr Felde f\u00fcr gemeinn\u00fctzige Zwecke ( Feuerwehrwesen ) oder zur Verwendung f\u00fcr die Jugendfeuerwehren der Samtgemeinde Thedinghausen, die ausschlie\u00dflich zur Erf\u00fcllung ihrer sich aus der Jugendordnung ergebenen Aufgaben wie z.B. F\u00f6rderung der Jugendarbeit zur Verf\u00fcgung gestellt. Das Ortskommando der Feuerwehr Felde bestimmt die genaue Verwendung.<br><strong>14.3.<\/strong> Anspr\u00fcche der Mitglieder sind ausgeschlossen.<br>&nbsp;<br><strong>\u00a7 15 Inkrafttreten<\/strong><br>&nbsp;<br><strong>15.1.<\/strong> Diese Satzung tritt mit Eintragung in das Vereinsregister in Kraft<br><strong>15.2.<\/strong> Die Satzung ist am 12.11.2014 errichtet worden.<br><strong>15.3.<\/strong> Die aktuelle Fassung wurde auf der Mitgliederversammlung am 30.01.2017 genehmigt<br>&nbsp;<br>&nbsp;<br>Der Vorstand<\/p><\/div><\/div><\/div><\/div><\/div>\n","protected":false},"excerpt":{"rendered":"<p>F\u00f6rderverein Freiwillige Feuerwehr Felde e.V.&nbsp;\u00a71 Name, Sitz, Rechtsform&nbsp;1.1 Der Verein f\u00fchrt den Namen \u201eF\u00f6rderverein Freiwillige Feuerwehr Felde e.V.1.2 Der Sitz des F\u00f6rdervereins ist Felde1.3. Der Verein ist in das Vereinsregister beim Amtsgericht Walsrode eingetragen.&nbsp;\u00a72 Zweck und Aufgaben&nbsp;2.1. Zweck des Vereins:\u2022 Die F\u00f6rderung des Brandschutzes.\u2022 Die F\u00f6rderung der Jugendfeuerwehr.\u2022 Die F\u00f6rderung von Brandschutzerziehung und Brandschutzaufkl\u00e4rung.\u2022 Die Geschichte der Freiwilligen Feuerwehr zu pflegen und zu f\u00f6rdern.\u2022 Die F\u00f6rderung und Pflege der Kameradschaft unter den Angeh\u00f6rigen der&nbsp;&nbsp; Freiwilligen Feuerwehr2.2. Politische und religi\u00f6se Bet\u00e4tigungen sind ausgeschlossen.2.3. Der Satzungszweck wird verwirklicht insbesondere durch:\u2022 Ma\u00dfnahmen und Veranstaltungen zur Brandschutzerziehung und Aufkl\u00e4rung.\u2022 \u00d6ffentlichkeitsarbeit und Brauchtumspflege.\u2022 Ver\u00f6ffentlichungen, Ma\u00dfnahmen\u2026<\/p>\n","protected":false},"author":1,"featured_media":0,"parent":0,"menu_order":0,"comment_status":"closed","ping_status":"closed","template":"","meta":[],"blocksy_meta":{"page_title_panel":"","has_hero_section":"default","3a41b71b0ea75e42e11b2e356d212caa":"","hero_section":"type-1","hero_elements":[{"id":"custom_title","enabled":true,"heading_tag":"h1","title":"Startseite"},{"id":"custom_description","enabled":true,"description_visibility":{"desktop":true,"tablet":true,"mobile":false}},{"id":"custom_meta","enabled":false,"meta_elements":[{"id":"author","enabled":true,"label":"Von","has_author_avatar":"yes","avatar_size":25},{"id":"post_date","enabled":true,"label":"Am","date_format_source":"default","date_format":"M j, Y"},{"id":"comments","enabled":true}],"page_meta_elements":{"joined":true,"articles_count":true,"comments":true}},{"id":"breadcrumbs","enabled":false}],"e984cf9bd14b6bd3e3494397b0fa86b9":"","hero_alignment1":"left","hero_margin":{"desktop":50,"tablet":30,"mobile":30},"hero_alignment2":"center","hero_vertical_alignment":"center","680ebf1e7eddc5adbf14e979e31b9386":"","hero_structure":"narrow","1d9117225fd107281010d3037042719f":"","page_title_bg_type":"featured_image","custom_hero_background":{"attachment_id":null},"parallax":{"desktop":false,"tablet":false,"mobile":false},"fac56280c112216e772ca9ef09152fe0":"","hero_height":"250px","pageTitleFont":{"family":"Default","variation":"Default","size":{"desktop":"32px","tablet":"30px","mobile":"25px"},"line-height":"CT_CSS_SKIP_RULE","letter-spacing":"CT_CSS_SKIP_RULE","text-transform":"CT_CSS_SKIP_RULE","text-decoration":"CT_CSS_SKIP_RULE"},"pageTitleFontColor":{"default":{"color":"CT_CSS_SKIP_RULEDEFAULT"}},"pageMetaFont":{"family":"Default","variation":"n6","size":"12px","line-height":"1.3","letter-spacing":"CT_CSS_SKIP_RULE","text-transform":"uppercase","text-decoration":"CT_CSS_SKIP_RULE"},"pageMetaFontColor":{"default":{"color":"CT_CSS_SKIP_RULEDEFAULT"},"hover":{"color":"CT_CSS_SKIP_RULEDEFAULT"}},"pageExcerptFont":{"family":"Default","variation":"Default","size":"CT_CSS_SKIP_RULE","line-height":"CT_CSS_SKIP_RULE","letter-spacing":"CT_CSS_SKIP_RULE","text-transform":"CT_CSS_SKIP_RULE","text-decoration":"CT_CSS_SKIP_RULE"},"pageExcerptColor":{"default":{"color":"CT_CSS_SKIP_RULEDEFAULT"}},"breadcrumbsFont":{"family":"Default","variation":"n6","size":"12px","line-height":"CT_CSS_SKIP_RULE","letter-spacing":"CT_CSS_SKIP_RULE","text-transform":"uppercase","text-decoration":"CT_CSS_SKIP_RULE"},"breadcrumbsFontColor":{"default":{"color":"CT_CSS_SKIP_RULEDEFAULT"},"initial":{"color":"CT_CSS_SKIP_RULEDEFAULT"},"hover":{"color":"CT_CSS_SKIP_RULEDEFAULT"}},"pageTitleOverlay":{"default":{"color":"CT_CSS_SKIP_RULE"}},"pageTitleBackground":{"background_type":"color","background_pattern":"type-1","background_image":{"attachment_id":null,"x":0,"y":0},"gradient":"linear-gradient(135deg,rgba(6,147,227,1) 0%,rgb(155,81,224) 100%)","background_repeat":"no-repeat","background_size":"auto","background_attachment":"scroll","patternColor":{"default":{"color":"#e5e7ea"}},"overlayColor":{"default":{"color":"CT_CSS_SKIP_RULE"}},"backgroundColor":{"default":{"color":"#EDEFF2"}}},"pageTitlePadding":{"top":"50px","bottom":"50px","left":"auto","right":"auto","linked":true},"de1dc1d72395b5726a0561cb3cf4968a":"","page_structure_type":"type-1","content_style":"inherit","vertical_spacing_source":"inherit","content_area_spacing":"both","background":{"background_type":"color","background_pattern":"type-1","background_image":{"attachment_id":null,"x":0,"y":0},"gradient":"linear-gradient(135deg,rgba(6,147,227,1) 0%,rgb(155,81,224) 100%)","background_repeat":"no-repeat","background_size":"auto","background_attachment":"scroll","patternColor":{"default":{"color":"#e5e7ea"}},"overlayColor":{"default":{"color":"CT_CSS_SKIP_RULE"}},"backgroundColor":{"default":{"color":"CT_CSS_SKIP_RULE"}}},"content_background":{"background_type":"color","background_pattern":"type-1","background_image":{"attachment_id":null,"x":0,"y":0},"gradient":"linear-gradient(135deg,rgba(6,147,227,1) 0%,rgb(155,81,224) 100%)","background_repeat":"no-repeat","background_size":"auto","background_attachment":"scroll","patternColor":{"default":{"color":"#e5e7ea"}},"overlayColor":{"default":{"color":"CT_CSS_SKIP_RULE"}},"backgroundColor":{"default":{"color":"#ffffff"}}},"content_boxed_shadow":{"inherit":false,"blur":18,"spread":-6,"v_offset":12,"h_offset":0,"inset":false,"enable":true,"color":{"color":"rgba(34, 56, 101, 0.04)"}},"boxed_content_spacing":{"desktop":{"top":"40px","bottom":"40px","left":"40px","right":"40px","linked":true},"tablet":{"top":"35px","bottom":"35px","left":"35px","right":"35px","linked":true},"mobile":{"top":"20px","bottom":"20px","left":"20px","right":"20px","linked":true}},"content_boxed_radius":{"top":"3px","bottom":"3px","left":"3px","right":"3px","linked":true},"fe615e39f34692724597f600e9998eda":"","disable_featured_image":"no","disable_header":"no","disable_footer":"no"},"featured_image_urls":{"full":"","thumbnail":"","medium":"","medium_large":"","large":"","1536x1536":"","2048x2048":""},"post_excerpt_stackable":"<p>Satzung zum HerunterladenHerunterladen F\u00f6rderverein Freiwillige Feuerwehr Felde e.V.&nbsp;\u00a71 Name, Sitz, Rechtsform&nbsp;1.1 Der Verein f\u00fchrt den Namen \u201eF\u00f6rderverein Freiwillige Feuerwehr Felde e.V.1.2 Der Sitz des F\u00f6rdervereins ist Felde1.3. Der Verein ist in das Vereinsregister beim Amtsgericht Walsrode eingetragen.&nbsp;\u00a72 Zweck und Aufgaben&nbsp;2.1. Zweck des Vereins:\u2022 Die F\u00f6rderung des Brandschutzes.\u2022 Die F\u00f6rderung der Jugendfeuerwehr.\u2022 Die F\u00f6rderung von Brandschutzerziehung und Brandschutzaufkl\u00e4rung.\u2022 Die Geschichte der Freiwilligen Feuerwehr zu pflegen und zu f\u00f6rdern.\u2022 Die F\u00f6rderung und Pflege der Kameradschaft unter den Angeh\u00f6rigen der&nbsp;&nbsp; Freiwilligen Feuerwehr2.2. Politische und religi\u00f6se Bet\u00e4tigungen sind ausgeschlossen.2.3. Der Satzungszweck wird verwirklicht insbesondere durch:\u2022 Ma\u00dfnahmen und Veranstaltungen zur Brandschutzerziehung und Aufkl\u00e4rung.\u2022 \u00d6ffentlichkeitsarbeit und&hellip;<\/p>\n","category_list":"","author_info":{"name":"Thomas","url":"https:\/\/f\u00f6rderverein-ff-felde.de\/?author=1"},"comments_num":"0 comments","featured_image_urls_v2":{"full":"","thumbnail":"","medium":"","medium_large":"","large":"","1536x1536":"","2048x2048":""},"post_excerpt_stackable_v2":"<p>Satzung zum HerunterladenHerunterladen F\u00f6rderverein Freiwillige Feuerwehr Felde e.V.&nbsp;\u00a71 Name, Sitz, Rechtsform&nbsp;1.1 Der Verein f\u00fchrt den Namen \u201eF\u00f6rderverein Freiwillige Feuerwehr Felde e.V.1.2 Der Sitz des F\u00f6rdervereins ist Felde1.3. Der Verein ist in das Vereinsregister beim Amtsgericht Walsrode eingetragen.&nbsp;\u00a72 Zweck und Aufgaben&nbsp;2.1. Zweck des Vereins:\u2022 Die F\u00f6rderung des Brandschutzes.\u2022 Die F\u00f6rderung der Jugendfeuerwehr.\u2022 Die F\u00f6rderung von Brandschutzerziehung und Brandschutzaufkl\u00e4rung.\u2022 Die Geschichte der Freiwilligen Feuerwehr zu pflegen und zu f\u00f6rdern.\u2022 Die F\u00f6rderung und Pflege der Kameradschaft unter den Angeh\u00f6rigen der&nbsp;&nbsp; Freiwilligen Feuerwehr2.2. Politische und religi\u00f6se Bet\u00e4tigungen sind ausgeschlossen.2.3. Der Satzungszweck wird verwirklicht insbesondere durch:\u2022 Ma\u00dfnahmen und Veranstaltungen zur Brandschutzerziehung und Aufkl\u00e4rung.\u2022 \u00d6ffentlichkeitsarbeit und&hellip;<\/p>\n","category_list_v2":"","author_info_v2":{"name":"Thomas","url":"https:\/\/f\u00f6rderverein-ff-felde.de\/?author=1"},"comments_num_v2":"0 comments","_links":{"self":[{"href":"https:\/\/f\u00f6rderverein-ff-felde.de\/index.php?rest_route=\/wp\/v2\/pages\/962"}],"collection":[{"href":"https:\/\/f\u00f6rderverein-ff-felde.de\/index.php?rest_route=\/wp\/v2\/pages"}],"about":[{"href":"https:\/\/f\u00f6rderverein-ff-felde.de\/index.php?rest_route=\/wp\/v2\/types\/page"}],"author":[{"embeddable":true,"href":"https:\/\/f\u00f6rderverein-ff-felde.de\/index.php?rest_route=\/wp\/v2\/users\/1"}],"replies":[{"embeddable":true,"href":"https:\/\/f\u00f6rderverein-ff-felde.de\/index.php?rest_route=%2Fwp%2Fv2%2Fcomments&post=962"}],"version-history":[{"count":4,"href":"https:\/\/f\u00f6rderverein-ff-felde.de\/index.php?rest_route=\/wp\/v2\/pages\/962\/revisions"}],"predecessor-version":[{"id":1055,"href":"https:\/\/f\u00f6rderverein-ff-felde.de\/index.php?rest_route=\/wp\/v2\/pages\/962\/revisions\/1055"}],"wp:attachment":[{"href":"https:\/\/f\u00f6rderverein-ff-felde.de\/index.php?rest_route=%2Fwp%2Fv2%2Fmedia&parent=962"}],"curies":[{"name":"wp","href":"https:\/\/api.w.org\/{rel}","templated":true}]}}