{"id":874,"date":"2021-01-29T15:11:41","date_gmt":"2021-01-29T14:11:41","guid":{"rendered":"https:\/\/ff-felde.horpe.org:8101\/?page_id=874"},"modified":"2021-02-06T17:41:19","modified_gmt":"2021-02-06T16:41:19","slug":"spenden","status":"publish","type":"page","link":"https:\/\/f\u00f6rderverein-ff-felde.de\/?page_id=874","title":{"rendered":"Spenden"},"content":{"rendered":"\n<div class=\"wp-block-ugb-text ugb-text ugb-e1801c4 ugb-text--design-plain ugb-text--columns-1 ugb-main-block\"><style>.ugb-e1801c4 .ugb-inner-block{text-align:center}<\/style><div class=\"ugb-inner-block\"><div class=\"ugb-block-content\"><div class=\"ugb-text__text-wrapper\"><div class=\"ugb-text__text\"><p class=\"ugb-text__text-1\">Sch\u00f6n das du uns unterst\u00fctzen m\u00f6chstest.<br>Du kannst und auf drei Arten Spenden zukommen lassen:<\/p><\/div><\/div><\/div><\/div><\/div>\n\n\n\n<div class=\"wp-block-ugb-text ugb-text ugb-66f109c ugb-text--design-plain ugb-text--columns-1 ugb-main-block\"><div class=\"ugb-inner-block\"><div class=\"ugb-block-content\"><div class=\"ugb-text__text-wrapper\"><div class=\"ugb-text__text\"><p class=\"ugb-text__text-1\"><strong>Beitritt zum F\u00f6rderverein<\/strong><br>Wenn du uns regelm\u00e4\u00dfig unterst\u00fctzen und die M\u00f6glichkeit bekommen m\u00f6chtest, bei der Vereinsarbeit aktiv mitzuwirken, kannst du dem F\u00f6rderverein als Mitglied beitreten. Der j\u00e4hrliche Mitgliedsbeitrag betr\u00e4gt 15\u20ac und es findet einmal im Jahr eine Mitgliederversammlung statt, an dem jedes Mitglied teilnehmen kann.<br>Informationen, wie du ein Teil des Vereins werden kannst, findest du hier:<\/p><\/div><\/div><\/div><\/div><\/div>\n\n\n\n<div class=\"wp-block-ugb-button ugb-button-wrapper ugb-730e3d6 ugb-main-block\"><div class=\"ugb-inner-block\"><div class=\"ugb-block-content\"><div class=\"ugb-button-container\"><a class=\"ugb-button1 ugb-button ugb-button--size-normal\" href=\"\/?page_id=994\" rel=\"\" title=\"\"><span class=\"ugb-button--inner\">Mitglied werden<\/span><\/a><\/div><\/div><\/div><\/div>\n\n\n\n<div class=\"wp-block-ugb-text ugb-text ugb-2997c0d ugb-text--design-plain ugb-text--columns-1 ugb-main-block\"><div class=\"ugb-inner-block\"><div class=\"ugb-block-content\"><div class=\"ugb-text__text-wrapper\"><div class=\"ugb-text__text\"><p class=\"ugb-text__text-1\"><strong>Einmalige Spende<\/strong><br>Wenn du uns einmalig unterst\u00fctzen willst, kannst du uns deine Spende \u00fcberweisen oder per PayPal senden. Um die Vereinsmittel flexibel einsetzen zu k\u00f6nnen, haben wir uns entschieden keine Gemeinn\u00fctzigkeit f\u00fcr den Verein zu beantragen. Daraus resultiert leider, dass wir keine Spendenbescheinigungen ausstellen k\u00f6nnen. Wenn du f\u00fcr deine Spende eine Spendenbescheinung ben\u00f6tigst, schaue dir die dritte M\u00f6glichkeit unten an. Ansonsten findest du die Bankdaten und den Link zu PayPal hier:<\/p><\/div><\/div><\/div><\/div><\/div>\n\n\n\n<div class=\"wp-block-ugb-columns ugb-columns ugb-ab5f5c5 ugb-columns--design-plain ugb-columns--columns-2 ugb-main-block\"><div class=\"ugb-inner-block\"><div class=\"ugb-block-content\"><div class=\"ugb-columns__item ugb-ab5f5c5-content-wrapper\">\n<div class=\"wp-block-ugb-column ugb-column ugb-5423ac5 ugb-column--design-plain ugb-main-block\"><style>.ugb-5423ac5 > .ugb-inner-block > .ugb-block-content > *{justify-content:flex-start !important}<\/style><div class=\"ugb-inner-block\"><div class=\"ugb-block-content\"><div class=\"ugb-column__item ugb-5423ac5-column-wrapper\"><div class=\"ugb-column__content-wrapper\">\n<div class=\"wp-block-ugb-text ugb-text ugb-58522e3 ugb-text--design-plain ugb-text--columns-1 ugb-main-block\"><div class=\"ugb-inner-block\"><div class=\"ugb-block-content\"><div class=\"ugb-text__text-wrapper\"><div class=\"ugb-text__text\"><p class=\"ugb-text__text-1\">Bankverbindung:<br>F\u00f6rderverein Freiwillige Feuerwehr Felde e.V.<br>DE33 2915 2670 0020 3184 99<br>BRLADE21VER<br>Kreissparkasse Verden<\/p><\/div><\/div><\/div><\/div><\/div>\n<\/div><\/div><\/div><\/div><\/div>\n\n\n\n<div class=\"wp-block-ugb-column ugb-column ugb-d0176ce ugb-column--design-plain ugb-main-block\"><style>.ugb-d0176ce > .ugb-inner-block > .ugb-block-content > *{justify-content:center !important}<\/style><div class=\"ugb-inner-block\"><div class=\"ugb-block-content\"><div class=\"ugb-column__item ugb-d0176ce-column-wrapper\"><div class=\"ugb-column__content-wrapper\">\n<div class=\"aligncenter wp-block-ugb-button ugb-button-wrapper ugb-8ccae2f ugb-main-block\"><style>.ugb-8ccae2f .ugb-block-content{justify-content:center}.ugb-8ccae2f .ugb-inner-block{text-align:center}<\/style><div class=\"ugb-inner-block\"><div class=\"ugb-block-content\"><div class=\"ugb-button-container\"><a class=\"ugb-button1 ugb-button ugb-button--size-normal\" href=\"https:\/\/f\u00f6rderverein-ff-felde.de\/?page_id=1115\" rel=\"\" title=\"\"><span class=\"ugb-button--inner\">Spenden per PayPal<\/span><\/a><\/div><\/div><\/div><\/div>\n<\/div><\/div><\/div><\/div><\/div>\n<\/div><\/div><\/div><\/div>\n\n\n\n<div class=\"wp-block-ugb-text ugb-text ugb-9aa9558 ugb-text--design-plain ugb-text--columns-1 ugb-main-block\"><div class=\"ugb-inner-block\"><div class=\"ugb-block-content\"><div class=\"ugb-text__text-wrapper\"><div class=\"ugb-text__text\"><p class=\"ugb-text__text-1\"><strong>Einmalige Spende mit Spendenbescheinigung<\/strong><br>Wenn du uns einmalig unterst\u00fctzen willst, aber eine Spendenbescheinigung ben\u00f6tigst, gibt es die M\u00f6glichkeit deine Spende \u00fcber die Samtgemeinde Thedinghausen an die Freiwillige Feuerwehr Felde direkt zu senden. Nachdem du deine Spende an die Samtgemeinde Thedinghausen gesandt hast, wird der Samtgemeinderat dar\u00fcber entscheiden, ob deine Spende angenommen wird. Wird sie angenommen, dann erh\u00e4ltst du eine Spendenbescheinigung, ansonsten wird dir deine Spende zur\u00fcckerstattet. Das genaue Vorgehen findest du hier beschrieben:<\/p><\/div><\/div><\/div><\/div><\/div>\n\n\n\n<div class=\"wp-block-ugb-button ugb-button-wrapper ugb-653e857 ugb-main-block\"><div class=\"ugb-inner-block\"><div class=\"ugb-block-content\"><div class=\"ugb-button-container\"><a class=\"ugb-button1 ugb-button ugb-button--size-normal\" href=\"https:\/\/f\u00f6rderverein-ff-felde.de\/?page_id=1115\" rel=\"\" title=\"\"><span class=\"ugb-button--inner\">Spenden mit Spendenbescheinigung<\/span><\/a><\/div><\/div><\/div><\/div>\n","protected":false},"excerpt":{"rendered":"<p>Sch\u00f6n das du uns unterst\u00fctzen m\u00f6chstest.Du kannst und auf drei Arten Spenden zukommen lassen: Beitritt zum F\u00f6rdervereinWenn du uns regelm\u00e4\u00dfig unterst\u00fctzen und die M\u00f6glichkeit bekommen m\u00f6chtest, bei der Vereinsarbeit aktiv mitzuwirken, kannst du dem F\u00f6rderverein als Mitglied beitreten. Der j\u00e4hrliche Mitgliedsbeitrag betr\u00e4gt 15\u20ac und es findet einmal im Jahr eine Mitgliederversammlung statt, an dem jedes Mitglied teilnehmen kann.Informationen, wie du ein Teil des Vereins werden kannst, findest du hier: Mitglied werden Einmalige SpendeWenn du uns einmalig unterst\u00fctzen willst, kannst du uns deine Spende \u00fcberweisen oder per PayPal senden. Um die Vereinsmittel flexibel einsetzen zu k\u00f6nnen, haben wir uns entschieden keine\u2026<\/p>\n","protected":false},"author":1,"featured_media":0,"parent":0,"menu_order":0,"comment_status":"closed","ping_status":"closed","template":"","meta":[],"blocksy_meta":{"page_title_panel":"","has_hero_section":"default","95005bb029d1f42cc57b1ffe845be71d":"","hero_section":"type-1","hero_elements":[{"id":"custom_title","enabled":true,"heading_tag":"h1","title":"Startseite"},{"id":"custom_description","enabled":true,"description_visibility":{"desktop":true,"tablet":true,"mobile":false}},{"id":"custom_meta","enabled":false,"meta_elements":[{"id":"author","enabled":true,"label":"Von","has_author_avatar":"yes","avatar_size":25},{"id":"post_date","enabled":true,"label":"Am","date_format_source":"default","date_format":"M j, Y"},{"id":"comments","enabled":true}],"page_meta_elements":{"joined":true,"articles_count":true,"comments":true}},{"id":"breadcrumbs","enabled":false}],"ad057a334be452b8c803a85914ccbfe5":"","hero_alignment1":"left","hero_margin":{"desktop":50,"tablet":30,"mobile":30},"hero_alignment2":"center","hero_vertical_alignment":"center","472b5f65e4a74d8cc696a64ecd52da64":"","hero_structure":"narrow","ec823612fd22b8b7db22e7f3b6778cff":"","page_title_bg_type":"featured_image","custom_hero_background":{"attachment_id":null},"parallax":{"desktop":false,"tablet":false,"mobile":false},"8949fd7ab1bdcb4a0e94cd6cb6465594":"","hero_height":"250px","pageTitleFont":{"family":"Default","variation":"Default","size":{"desktop":"32px","tablet":"30px","mobile":"25px"},"line-height":"CT_CSS_SKIP_RULE","letter-spacing":"CT_CSS_SKIP_RULE","text-transform":"CT_CSS_SKIP_RULE","text-decoration":"CT_CSS_SKIP_RULE"},"pageTitleFontColor":{"default":{"color":"CT_CSS_SKIP_RULEDEFAULT"}},"pageMetaFont":{"family":"Default","variation":"n6","size":"12px","line-height":"1.3","letter-spacing":"CT_CSS_SKIP_RULE","text-transform":"uppercase","text-decoration":"CT_CSS_SKIP_RULE"},"pageMetaFontColor":{"default":{"color":"CT_CSS_SKIP_RULEDEFAULT"},"hover":{"color":"CT_CSS_SKIP_RULEDEFAULT"}},"pageExcerptFont":{"family":"Default","variation":"Default","size":"CT_CSS_SKIP_RULE","line-height":"CT_CSS_SKIP_RULE","letter-spacing":"CT_CSS_SKIP_RULE","text-transform":"CT_CSS_SKIP_RULE","text-decoration":"CT_CSS_SKIP_RULE"},"pageExcerptColor":{"default":{"color":"CT_CSS_SKIP_RULEDEFAULT"}},"breadcrumbsFont":{"family":"Default","variation":"n6","size":"12px","line-height":"CT_CSS_SKIP_RULE","letter-spacing":"CT_CSS_SKIP_RULE","text-transform":"uppercase","text-decoration":"CT_CSS_SKIP_RULE"},"breadcrumbsFontColor":{"default":{"color":"CT_CSS_SKIP_RULEDEFAULT"},"initial":{"color":"CT_CSS_SKIP_RULEDEFAULT"},"hover":{"color":"CT_CSS_SKIP_RULEDEFAULT"}},"pageTitleOverlay":{"default":{"color":"CT_CSS_SKIP_RULE"}},"pageTitleBackground":{"background_type":"color","background_pattern":"type-1","background_image":{"attachment_id":null,"x":0,"y":0},"gradient":"linear-gradient(135deg,rgba(6,147,227,1) 0%,rgb(155,81,224) 100%)","background_repeat":"no-repeat","background_size":"auto","background_attachment":"scroll","patternColor":{"default":{"color":"#e5e7ea"}},"overlayColor":{"default":{"color":"CT_CSS_SKIP_RULE"}},"backgroundColor":{"default":{"color":"#EDEFF2"}}},"pageTitlePadding":{"top":"50px","bottom":"50px","left":"auto","right":"auto","linked":true},"f49f2583b913dc11ed060fbeaec889cd":"","page_structure_type":"type-1","content_style":"inherit","vertical_spacing_source":"inherit","content_area_spacing":"both","background":{"background_type":"color","background_pattern":"type-1","background_image":{"attachment_id":null,"x":0,"y":0},"gradient":"linear-gradient(135deg,rgba(6,147,227,1) 0%,rgb(155,81,224) 100%)","background_repeat":"no-repeat","background_size":"auto","background_attachment":"scroll","patternColor":{"default":{"color":"#e5e7ea"}},"overlayColor":{"default":{"color":"CT_CSS_SKIP_RULE"}},"backgroundColor":{"default":{"color":"CT_CSS_SKIP_RULE"}}},"content_background":{"background_type":"color","background_pattern":"type-1","background_image":{"attachment_id":null,"x":0,"y":0},"gradient":"linear-gradient(135deg,rgba(6,147,227,1) 0%,rgb(155,81,224) 100%)","background_repeat":"no-repeat","background_size":"auto","background_attachment":"scroll","patternColor":{"default":{"color":"#e5e7ea"}},"overlayColor":{"default":{"color":"CT_CSS_SKIP_RULE"}},"backgroundColor":{"default":{"color":"#ffffff"}}},"content_boxed_shadow":{"inherit":false,"blur":18,"spread":-6,"v_offset":12,"h_offset":0,"inset":false,"enable":true,"color":{"color":"rgba(34, 56, 101, 0.04)"}},"boxed_content_spacing":{"desktop":{"top":"40px","bottom":"40px","left":"40px","right":"40px","linked":true},"tablet":{"top":"35px","bottom":"35px","left":"35px","right":"35px","linked":true},"mobile":{"top":"20px","bottom":"20px","left":"20px","right":"20px","linked":true}},"content_boxed_radius":{"top":"3px","bottom":"3px","left":"3px","right":"3px","linked":true},"a1055bfef9236d3392af5439e3f90a3e":"","disable_featured_image":"no","disable_header":"no","disable_footer":"no"},"featured_image_urls":{"full":"","thumbnail":"","medium":"","medium_large":"","large":"","1536x1536":"","2048x2048":""},"post_excerpt_stackable":"<p>Sch\u00f6n das du uns unterst\u00fctzen m\u00f6chstest.Du kannst und auf drei Arten Spenden zukommen lassen: Beitritt zum F\u00f6rdervereinWenn du uns regelm\u00e4\u00dfig unterst\u00fctzen und die M\u00f6glichkeit bekommen m\u00f6chtest, bei der Vereinsarbeit aktiv mitzuwirken, kannst du dem F\u00f6rderverein als Mitglied beitreten. Der j\u00e4hrliche Mitgliedsbeitrag betr\u00e4gt 15\u20ac und es findet einmal im Jahr eine Mitgliederversammlung statt, an dem jedes Mitglied teilnehmen kann.Informationen, wie du ein Teil des Vereins werden kannst, findest du hier: Mitglied werden Einmalige SpendeWenn du uns einmalig unterst\u00fctzen willst, kannst du uns deine Spende \u00fcberweisen oder per PayPal senden. Um die Vereinsmittel flexibel einsetzen zu k\u00f6nnen, haben wir uns entschieden keine&hellip;<\/p>\n","category_list":"","author_info":{"name":"Thomas","url":"https:\/\/f\u00f6rderverein-ff-felde.de\/?author=1"},"comments_num":"0 comments","featured_image_urls_v2":{"full":"","thumbnail":"","medium":"","medium_large":"","large":"","1536x1536":"","2048x2048":""},"post_excerpt_stackable_v2":"<p>Sch\u00f6n das du uns unterst\u00fctzen m\u00f6chstest.Du kannst und auf drei Arten Spenden zukommen lassen: Beitritt zum F\u00f6rdervereinWenn du uns regelm\u00e4\u00dfig unterst\u00fctzen und die M\u00f6glichkeit bekommen m\u00f6chtest, bei der Vereinsarbeit aktiv mitzuwirken, kannst du dem F\u00f6rderverein als Mitglied beitreten. Der j\u00e4hrliche Mitgliedsbeitrag betr\u00e4gt 15\u20ac und es findet einmal im Jahr eine Mitgliederversammlung statt, an dem jedes Mitglied teilnehmen kann.Informationen, wie du ein Teil des Vereins werden kannst, findest du hier: Mitglied werden Einmalige SpendeWenn du uns einmalig unterst\u00fctzen willst, kannst du uns deine Spende \u00fcberweisen oder per PayPal senden. Um die Vereinsmittel flexibel einsetzen zu k\u00f6nnen, haben wir uns entschieden keine&hellip;<\/p>\n","category_list_v2":"","author_info_v2":{"name":"Thomas","url":"https:\/\/f\u00f6rderverein-ff-felde.de\/?author=1"},"comments_num_v2":"0 comments","_links":{"self":[{"href":"https:\/\/f\u00f6rderverein-ff-felde.de\/index.php?rest_route=\/wp\/v2\/pages\/874"}],"collection":[{"href":"https:\/\/f\u00f6rderverein-ff-felde.de\/index.php?rest_route=\/wp\/v2\/pages"}],"about":[{"href":"https:\/\/f\u00f6rderverein-ff-felde.de\/index.php?rest_route=\/wp\/v2\/types\/page"}],"author":[{"embeddable":true,"href":"https:\/\/f\u00f6rderverein-ff-felde.de\/index.php?rest_route=\/wp\/v2\/users\/1"}],"replies":[{"embeddable":true,"href":"https:\/\/f\u00f6rderverein-ff-felde.de\/index.php?rest_route=%2Fwp%2Fv2%2Fcomments&post=874"}],"version-history":[{"count":9,"href":"https:\/\/f\u00f6rderverein-ff-felde.de\/index.php?rest_route=\/wp\/v2\/pages\/874\/revisions"}],"predecessor-version":[{"id":1117,"href":"https:\/\/f\u00f6rderverein-ff-felde.de\/index.php?rest_route=\/wp\/v2\/pages\/874\/revisions\/1117"}],"wp:attachment":[{"href":"https:\/\/f\u00f6rderverein-ff-felde.de\/index.php?rest_route=%2Fwp%2Fv2%2Fmedia&parent=874"}],"curies":[{"name":"wp","href":"https:\/\/api.w.org\/{rel}","templated":true}]}}