{"id":872,"date":"2021-01-29T15:10:22","date_gmt":"2021-01-29T14:10:22","guid":{"rendered":"https:\/\/ff-felde.horpe.org:8101\/?page_id=872"},"modified":"2021-02-04T12:20:54","modified_gmt":"2021-02-04T11:20:54","slug":"aufgaben","status":"publish","type":"page","link":"https:\/\/f\u00f6rderverein-ff-felde.de\/?page_id=872","title":{"rendered":"Aufgaben"},"content":{"rendered":"\n<div class=\"alignwide wp-block-ugb-notification ugb-notification ugb-f3817c2 ugb-notification--v2 ugb-notification--design-basic ugb-notification--type-info ugb-main-block ugb--has-custom-content-width\"><style>.ugb-f3817c2 .ugb-notification__item{border-radius:0px !important;background-color:rgba(255,255,255,1) !important}.ugb-f3817c2 .ugb-notification__item:before{background-color:#ffffff !important}.ugb-f3817c2 .ugb-notification__icon svg:not(.ugb-custom-icon){color:#313131 !important}.ugb-f3817c2 .ugb-notification__icon{margin-left:auto !important;margin-right:auto !important;height:100px !important;width:100px !important;opacity:1 !important}.ugb-f3817c2 .ugb-notification__icon .ugb-icon-inner-svg,.ugb-f3817c2 .ugb-notification__icon .ugb-icon-inner-svg svg{width:100px !important;height:100px !important}.ugb-f3817c2 .ugb-notification__icon .ugb-icon-inner-svg{color:#313131 !important}.ugb-f3817c2 .ugb-notification__description{color:var(--stk-global-color-88711,#313131) !important}.ugb-f3817c2 .ugb-inner-block{text-align:center}.ugb-f3817c2.ugb-notification > .ugb-inner-block{max-width:600px !important}.ugb-f3817c2 .ugb-notification__icon .ugb-icon-inner-svg,.ugb-f3817c2 .ugb-notification__icon .ugb-icon-inner-svg svg *{color:#313131 !important;fill:#313131 !important}<\/style><div class=\"ugb-inner-block\"><div class=\"ugb-block-content\"><div class=\"ugb-notification__item ugb-notification--new-icon ugb--shadow-6\"><div class=\"ugb-notification__icon\"><div class=\"ugb-icon-inner-svg\"><svg data-prefix=\"fas\" data-icon=\"exclamation-triangle\" class=\"svg-inline--fa fa-exclamation-triangle fa-w-18\" role=\"img\" xmlns=\"http:\/\/www.w3.org\/2000\/svg\" viewBox=\"0 0 576 512\"><path fill=\"currentColor\" d=\"M569.517 440.013C587.975 472.007 564.806 512 527.94 512H48.054c-36.937 0-59.999-40.055-41.577-71.987L246.423 23.985c18.467-32.009 64.72-31.951 83.154 0l239.94 416.028zM288 354c-25.405 0-46 20.595-46 46s20.595 46 46 46 46-20.595 46-46-20.595-46-46-46zm-43.673-165.346l7.418 136c.347 6.364 5.609 11.346 11.982 11.346h48.546c6.373 0 11.635-4.982 11.982-11.346l7.418-136c.375-6.874-5.098-12.654-11.982-12.654h-63.383c-6.884 0-12.356 5.78-11.981 12.654z\"><\/path><\/svg><\/div><\/div><p class=\"ugb-notification__description\">Diese Seite befindet sich derzeit im Aufbau<\/p><\/div><\/div><\/div><\/div>\n\n\n\n<div class=\"wp-block-ugb-text ugb-text ugb-834d548 ugb-text--design-plain ugb-text--columns-1 ugb-main-block\"><div class=\"ugb-inner-block\"><div class=\"ugb-block-content\"><div class=\"ugb-text__text-wrapper\"><div class=\"ugb-text__text\"><p class=\"ugb-text__text-1\">Die F\u00f6rderung des Brandschutzes.<br>\u2022 Die F\u00f6rderung der Jugendfeuerwehr.<br>\u2022 Die F\u00f6rderung von Brandschutzerziehung und Brandschutzaufkl\u00e4rung.<br>\u2022 Die Geschichte der Freiwilligen Feuerwehr zu pflegen und zu f\u00f6rdern.<br>\u2022 Die F\u00f6rderung und Pflege der Kameradschaft unter den Angeh\u00f6rigen der<br>Freiwilligen Feuerwehr<br><br>\u2022 Ma\u00dfnahmen und Veranstaltungen zur Brandschutzerziehung und Aufkl\u00e4rung.<br>\u2022 \u00d6ffentlichkeitsarbeit und Brauchtumspflege.<br>\u2022 Ver\u00f6ffentlichungen, Ma\u00dfnahmen und Veranstaltungen im Rahmen der<br>Nachwuchsf\u00f6rderung.<br>\u2022 Verwaltung, Schutz und Pflege des Eigentums des Vereins.<br>\u2022 Anschaffungen von Arbeits-, Informations-, Schulungsmaterial und<br>Kostenbeteiligung bei Aus- und Fortbildung zur Verbesserung der Sicherheit der<br>Mitglieder und Einsatzf\u00e4higkeit der Feuerwehr Felde \u00fcber die gesetzliche<br>Verpflichtung des Tr\u00e4gers der Feuerwehr hinaus.<br>\u2022 Veranstaltungen und Ma\u00dfnahmen zur Partnerschaftspflege zu anderen<br>Organisationen und Vereinen.<br>\u2022 Durchf\u00fchrung von Sport- und Vergleichswettbewerben<\/p><\/div><\/div><\/div><\/div><\/div>\n\n\n\n<p>Aufgaben laut Satzung<\/p>\n","protected":false},"excerpt":{"rendered":"<p>Diese Seite befindet sich derzeit im Aufbau Die F\u00f6rderung des Brandschutzes.\u2022 Die F\u00f6rderung der Jugendfeuerwehr.\u2022 Die F\u00f6rderung von Brandschutzerziehung und Brandschutzaufkl\u00e4rung.\u2022 Die Geschichte der Freiwilligen Feuerwehr zu pflegen und zu f\u00f6rdern.\u2022 Die F\u00f6rderung und Pflege der Kameradschaft unter den Angeh\u00f6rigen derFreiwilligen Feuerwehr \u2022 Ma\u00dfnahmen und Veranstaltungen zur Brandschutzerziehung und Aufkl\u00e4rung.\u2022 \u00d6ffentlichkeitsarbeit und Brauchtumspflege.\u2022 Ver\u00f6ffentlichungen, Ma\u00dfnahmen und Veranstaltungen im Rahmen derNachwuchsf\u00f6rderung.\u2022 Verwaltung, Schutz und Pflege des Eigentums des Vereins.\u2022 Anschaffungen von Arbeits-, Informations-, Schulungsmaterial undKostenbeteiligung bei Aus- und Fortbildung zur Verbesserung der Sicherheit derMitglieder und Einsatzf\u00e4higkeit der Feuerwehr Felde \u00fcber die gesetzlicheVerpflichtung des Tr\u00e4gers der Feuerwehr hinaus.\u2022 Veranstaltungen und Ma\u00dfnahmen zur\u2026<\/p>\n","protected":false},"author":1,"featured_media":0,"parent":0,"menu_order":0,"comment_status":"closed","ping_status":"closed","template":"","meta":[],"blocksy_meta":{"page_title_panel":"","has_hero_section":"default","f415670046268717dc5011ec98452125":"","hero_section":"type-1","hero_elements":[{"id":"custom_title","enabled":true,"heading_tag":"h1","title":"Startseite"},{"id":"custom_description","enabled":true,"description_visibility":{"desktop":true,"tablet":true,"mobile":false}},{"id":"custom_meta","enabled":false,"meta_elements":[{"id":"author","enabled":true,"label":"Von","has_author_avatar":"yes","avatar_size":25},{"id":"post_date","enabled":true,"label":"Am","date_format_source":"default","date_format":"M j, Y"},{"id":"comments","enabled":true}],"page_meta_elements":{"joined":true,"articles_count":true,"comments":true}},{"id":"breadcrumbs","enabled":false}],"7ba7f7edf6ad5d347d4b699294e673e3":"","hero_alignment1":"left","hero_margin":{"desktop":50,"tablet":30,"mobile":30},"hero_alignment2":"center","hero_vertical_alignment":"center","009035e7b11bb2a56bba2788769ad3e3":"","hero_structure":"narrow","88281cac01a7199ccf161842a55eed06":"","page_title_bg_type":"featured_image","custom_hero_background":{"attachment_id":null},"parallax":{"desktop":false,"tablet":false,"mobile":false},"f8fe9d3231e979de50f87c475873d52c":"","hero_height":"250px","pageTitleFont":{"family":"Default","variation":"Default","size":{"desktop":"32px","tablet":"30px","mobile":"25px"},"line-height":"CT_CSS_SKIP_RULE","letter-spacing":"CT_CSS_SKIP_RULE","text-transform":"CT_CSS_SKIP_RULE","text-decoration":"CT_CSS_SKIP_RULE"},"pageTitleFontColor":{"default":{"color":"CT_CSS_SKIP_RULEDEFAULT"}},"pageMetaFont":{"family":"Default","variation":"n6","size":"12px","line-height":"1.3","letter-spacing":"CT_CSS_SKIP_RULE","text-transform":"uppercase","text-decoration":"CT_CSS_SKIP_RULE"},"pageMetaFontColor":{"default":{"color":"CT_CSS_SKIP_RULEDEFAULT"},"hover":{"color":"CT_CSS_SKIP_RULEDEFAULT"}},"pageExcerptFont":{"family":"Default","variation":"Default","size":"CT_CSS_SKIP_RULE","line-height":"CT_CSS_SKIP_RULE","letter-spacing":"CT_CSS_SKIP_RULE","text-transform":"CT_CSS_SKIP_RULE","text-decoration":"CT_CSS_SKIP_RULE"},"pageExcerptColor":{"default":{"color":"CT_CSS_SKIP_RULEDEFAULT"}},"breadcrumbsFont":{"family":"Default","variation":"n6","size":"12px","line-height":"CT_CSS_SKIP_RULE","letter-spacing":"CT_CSS_SKIP_RULE","text-transform":"uppercase","text-decoration":"CT_CSS_SKIP_RULE"},"breadcrumbsFontColor":{"default":{"color":"CT_CSS_SKIP_RULEDEFAULT"},"initial":{"color":"CT_CSS_SKIP_RULEDEFAULT"},"hover":{"color":"CT_CSS_SKIP_RULEDEFAULT"}},"pageTitleOverlay":{"default":{"color":"CT_CSS_SKIP_RULE"}},"pageTitleBackground":{"background_type":"color","background_pattern":"type-1","background_image":{"attachment_id":null,"x":0,"y":0},"gradient":"linear-gradient(135deg,rgba(6,147,227,1) 0%,rgb(155,81,224) 100%)","background_repeat":"no-repeat","background_size":"auto","background_attachment":"scroll","patternColor":{"default":{"color":"#e5e7ea"}},"overlayColor":{"default":{"color":"CT_CSS_SKIP_RULE"}},"backgroundColor":{"default":{"color":"#EDEFF2"}}},"pageTitlePadding":{"top":"50px","bottom":"50px","left":"auto","right":"auto","linked":true},"18c2b796e52ebac8944d18380c6320c5":"","page_structure_type":"type-1","content_style":"inherit","vertical_spacing_source":"inherit","content_area_spacing":"both","background":{"background_type":"color","background_pattern":"type-1","background_image":{"attachment_id":null,"x":0,"y":0},"gradient":"linear-gradient(135deg,rgba(6,147,227,1) 0%,rgb(155,81,224) 100%)","background_repeat":"no-repeat","background_size":"auto","background_attachment":"scroll","patternColor":{"default":{"color":"#e5e7ea"}},"overlayColor":{"default":{"color":"CT_CSS_SKIP_RULE"}},"backgroundColor":{"default":{"color":"CT_CSS_SKIP_RULE"}}},"content_background":{"background_type":"color","background_pattern":"type-1","background_image":{"attachment_id":null,"x":0,"y":0},"gradient":"linear-gradient(135deg,rgba(6,147,227,1) 0%,rgb(155,81,224) 100%)","background_repeat":"no-repeat","background_size":"auto","background_attachment":"scroll","patternColor":{"default":{"color":"#e5e7ea"}},"overlayColor":{"default":{"color":"CT_CSS_SKIP_RULE"}},"backgroundColor":{"default":{"color":"#ffffff"}}},"content_boxed_shadow":{"inherit":false,"blur":18,"spread":-6,"v_offset":12,"h_offset":0,"inset":false,"enable":true,"color":{"color":"rgba(34, 56, 101, 0.04)"}},"boxed_content_spacing":{"desktop":{"top":"40px","bottom":"40px","left":"40px","right":"40px","linked":true},"tablet":{"top":"35px","bottom":"35px","left":"35px","right":"35px","linked":true},"mobile":{"top":"20px","bottom":"20px","left":"20px","right":"20px","linked":true}},"content_boxed_radius":{"top":"3px","bottom":"3px","left":"3px","right":"3px","linked":true},"40703844e267182ad796e392193e8ac4":"","disable_featured_image":"no","disable_header":"no","disable_footer":"no"},"featured_image_urls":{"full":"","thumbnail":"","medium":"","medium_large":"","large":"","1536x1536":"","2048x2048":""},"post_excerpt_stackable":"<p>Diese Seite befindet sich derzeit im Aufbau Die F\u00f6rderung des Brandschutzes.\u2022 Die F\u00f6rderung der Jugendfeuerwehr.\u2022 Die F\u00f6rderung von Brandschutzerziehung und Brandschutzaufkl\u00e4rung.\u2022 Die Geschichte der Freiwilligen Feuerwehr zu pflegen und zu f\u00f6rdern.\u2022 Die F\u00f6rderung und Pflege der Kameradschaft unter den Angeh\u00f6rigen derFreiwilligen Feuerwehr\u2022 Ma\u00dfnahmen und Veranstaltungen zur Brandschutzerziehung und Aufkl\u00e4rung.\u2022 \u00d6ffentlichkeitsarbeit und Brauchtumspflege.\u2022 Ver\u00f6ffentlichungen, Ma\u00dfnahmen und Veranstaltungen im Rahmen derNachwuchsf\u00f6rderung.\u2022 Verwaltung, Schutz und Pflege des Eigentums des Vereins.\u2022 Anschaffungen von Arbeits-, Informations-, Schulungsmaterial undKostenbeteiligung bei Aus- und Fortbildung zur Verbesserung der Sicherheit derMitglieder und Einsatzf\u00e4higkeit der Feuerwehr Felde \u00fcber die gesetzlicheVerpflichtung des Tr\u00e4gers der Feuerwehr hinaus.\u2022 Veranstaltungen und Ma\u00dfnahmen zur Partnerschaftspflege&hellip;<\/p>\n","category_list":"","author_info":{"name":"Thomas","url":"https:\/\/f\u00f6rderverein-ff-felde.de\/?author=1"},"comments_num":"0 comments","featured_image_urls_v2":{"full":"","thumbnail":"","medium":"","medium_large":"","large":"","1536x1536":"","2048x2048":""},"post_excerpt_stackable_v2":"<p>Diese Seite befindet sich derzeit im Aufbau Die F\u00f6rderung des Brandschutzes.\u2022 Die F\u00f6rderung der Jugendfeuerwehr.\u2022 Die F\u00f6rderung von Brandschutzerziehung und Brandschutzaufkl\u00e4rung.\u2022 Die Geschichte der Freiwilligen Feuerwehr zu pflegen und zu f\u00f6rdern.\u2022 Die F\u00f6rderung und Pflege der Kameradschaft unter den Angeh\u00f6rigen derFreiwilligen Feuerwehr\u2022 Ma\u00dfnahmen und Veranstaltungen zur Brandschutzerziehung und Aufkl\u00e4rung.\u2022 \u00d6ffentlichkeitsarbeit und Brauchtumspflege.\u2022 Ver\u00f6ffentlichungen, Ma\u00dfnahmen und Veranstaltungen im Rahmen derNachwuchsf\u00f6rderung.\u2022 Verwaltung, Schutz und Pflege des Eigentums des Vereins.\u2022 Anschaffungen von Arbeits-, Informations-, Schulungsmaterial undKostenbeteiligung bei Aus- und Fortbildung zur Verbesserung der Sicherheit derMitglieder und Einsatzf\u00e4higkeit der Feuerwehr Felde \u00fcber die gesetzlicheVerpflichtung des Tr\u00e4gers der Feuerwehr hinaus.\u2022 Veranstaltungen und Ma\u00dfnahmen zur Partnerschaftspflege&hellip;<\/p>\n","category_list_v2":"","author_info_v2":{"name":"Thomas","url":"https:\/\/f\u00f6rderverein-ff-felde.de\/?author=1"},"comments_num_v2":"0 comments","_links":{"self":[{"href":"https:\/\/f\u00f6rderverein-ff-felde.de\/index.php?rest_route=\/wp\/v2\/pages\/872"}],"collection":[{"href":"https:\/\/f\u00f6rderverein-ff-felde.de\/index.php?rest_route=\/wp\/v2\/pages"}],"about":[{"href":"https:\/\/f\u00f6rderverein-ff-felde.de\/index.php?rest_route=\/wp\/v2\/types\/page"}],"author":[{"embeddable":true,"href":"https:\/\/f\u00f6rderverein-ff-felde.de\/index.php?rest_route=\/wp\/v2\/users\/1"}],"replies":[{"embeddable":true,"href":"https:\/\/f\u00f6rderverein-ff-felde.de\/index.php?rest_route=%2Fwp%2Fv2%2Fcomments&post=872"}],"version-history":[{"count":4,"href":"https:\/\/f\u00f6rderverein-ff-felde.de\/index.php?rest_route=\/wp\/v2\/pages\/872\/revisions"}],"predecessor-version":[{"id":1083,"href":"https:\/\/f\u00f6rderverein-ff-felde.de\/index.php?rest_route=\/wp\/v2\/pages\/872\/revisions\/1083"}],"wp:attachment":[{"href":"https:\/\/f\u00f6rderverein-ff-felde.de\/index.php?rest_route=%2Fwp%2Fv2%2Fmedia&parent=872"}],"curies":[{"name":"wp","href":"https:\/\/api.w.org\/{rel}","templated":true}]}}