{"id":869,"date":"2021-01-29T15:00:24","date_gmt":"2021-01-29T14:00:24","guid":{"rendered":"https:\/\/ff-felde.horpe.org:8101\/?page_id=869"},"modified":"2023-08-28T10:13:30","modified_gmt":"2023-08-28T08:13:30","slug":"testtest","status":"publish","type":"page","link":"https:\/\/f\u00f6rderverein-ff-felde.de\/?page_id=869","title":{"rendered":"\u00dcber Uns"},"content":{"rendered":"\n<div class=\"wp-block-ugb-text ugb-text ugb-71fb760 ugb-text--design-plain ugb-text--columns-1 ugb-main-block\"><div class=\"ugb-inner-block\"><div class=\"ugb-block-content\"><div class=\"ugb-text__text-wrapper\"><div class=\"ugb-text__text\"><p class=\"ugb-text__text-1\">Der F\u00f6rderverein Freiwillige Feuerwehr Felde e.V. wurde im Jahre 2012 von Mitgliedern der Freiwilligen Feuerwehr Felde gegr\u00fcndet. Zweck des Vereins ist, dass es jedem erm\u00f6glicht werden soll die Freiwillige Feuerwehr Felde und die Jugendfeuerwehr Riede-Felde direkt zu unterst\u00fctzen.<br><br><strong>Warum ist das n\u00f6tig? <\/strong><br>Der Tr\u00e4ger der Feuerwehr k\u00fcmmert sich um die grunds\u00e4tzliche Ausstattung der Feuerwehren. Sprich, das Feuerwehrhaus, die Fahrzeuge, die pers\u00f6nliche Schutzausr\u00fcstung der Mitglieder und die grunds\u00e4tzlichen Ger\u00e4tschaften f\u00fcr Brand- und Hilfeleistungseins\u00e4tze. <br>Dar\u00fcberhinausgehender Bedarf wird nicht in jedem Fall vom Tr\u00e4ger \u00fcbernommen.<br>Hierbei kann es sich von Nervennahrung f\u00fcr lange \u00fcberregionale Eins\u00e4tze, einheitliche T-Shirts f\u00fcr die Jugendfeuerwehr \u00fcber Beteiligung an Startgeldern f\u00fcr Wettbewerbe, bis hin zur Anschaffung weiterer feuerwehrtechnischer Ger\u00e4te oder Ausbildungsmaterial handeln.<br>Um diese L\u00fccke zu schlie\u00dfen wurde 2012 der F\u00f6rderverein gegr\u00fcndet.<br><br>Durch die Unterst\u00fctzung des F\u00f6rdervereins wird der Zusammenhalt, die Moral und die Leistungsf\u00e4higkeit der Feuerwehr Felde gest\u00e4rkt, sodass die zentralen Aufgaben Retten, Bergen, L\u00f6schen, Sch\u00fctzen bestm\u00f6glich bew\u00e4ltigt werden k\u00f6nnen.<\/p><\/div><\/div><\/div><\/div><\/div>\n\n\n\n<div class=\"wp-block-ugb-text ugb-text ugb-8635aa2 ugb-text--design-plain ugb-text--columns-1 ugb-main-block\"><style>.ugb-8635aa2 .ugb-inner-block{text-align:center}<\/style><div class=\"ugb-inner-block\"><div class=\"ugb-block-content\"><div class=\"ugb-text__text-wrapper\"><div class=\"ugb-text__text\"><p class=\"ugb-text__text-1\">Du bist hellh\u00f6rig geworden und willst uns unterst\u00fctzen?<br>Wir w\u00fcrden uns \u00fcber dich freuen!<\/p><\/div><\/div><\/div><\/div><\/div>\n\n\n\n<div class=\"wp-block-ugb-button ugb-button-wrapper ugb-219ba7c ugb-main-block\"><div class=\"ugb-inner-block\"><div class=\"ugb-block-content\"><div class=\"ugb-button-container\"><a class=\"ugb-button1 ugb-button ugb-button--size-normal\" href=\"https:\/\/f\u00f6rderverein-ff-felde.de\/?page_id=994\" rel=\"\" title=\"\"><span class=\"ugb-button--inner\">Mitglied werden<\/span><\/a><\/div><div class=\"ugb-button-container\"><a class=\"ugb-button2 ugb-button ugb-button--size-normal\" href=\"https:\/\/f\u00f6rderverein-ff-felde.de\/?page_id=905\" rel=\"\" title=\"\"><span class=\"ugb-button--inner\">Kontakt aufnehmen<\/span><\/a><\/div><\/div><\/div><\/div>\n\n\n\n<div class=\"wp-block-ugb-text ugb-text ugb-565b6c7 ugb-text--design-plain ugb-text--columns-1 ugb-main-block\"><div class=\"ugb-inner-block\"><div class=\"ugb-block-content\"><div class=\"ugb-text__text-wrapper\"><div class=\"ugb-text__text\"><p class=\"ugb-text__text-1\"><strong>Wer steht hinter dem Verein?<\/strong><br>Der Vorstand des F\u00f6rdervereins setzt sich aus f\u00fcnf Personen zusammen. Der Vorstand leitet den Verein und trifft die meisten Entscheidungen. Im Rahmen der Mitgliederversammlung kann sich jedes Mitglied einbringen und Vorschl\u00e4ge machen oder Kritik \u00fcben. F\u00fcr beides kann nat\u00fcrlich jederzeit der Vorstand auch direkt angesprochen werden.<br><br>Der Vorstand besteht aus:<\/p><\/div><\/div><\/div><\/div><\/div>\n\n\n\n<div class=\"wp-block-ugb-card ugb-card ugb-3513678 ugb-card--v2 ugb-card--design-basic ugb-card--columns-3 ugb-main-block\"><style>.ugb-3513678 .ugb-card__title,.ugb-3513678 .ugb-card__subtitle,.ugb-3513678 .ugb-card__description,.ugb-3513678 .ugb-button-container{text-align:center}.ugb-3513678 .ugb-card__item1 .ugb-card__image{background-image:url(https:\/\/f\u00f6rderverein-ff-felde.de\/wp-content\/uploads\/2021\/02\/Avatar.svg)}.ugb-3513678 .ugb-card__item2 .ugb-card__image{background-image:url(https:\/\/f\u00f6rderverein-ff-felde.de\/wp-content\/uploads\/2021\/02\/Avatar.svg)}.ugb-3513678 .ugb-card__item3 .ugb-card__image{background-image:url(https:\/\/f\u00f6rderverein-ff-felde.de\/wp-content\/uploads\/2021\/02\/Avatar.svg)}.ugb-3513678 .ugb-inner-block{text-align:center}<\/style><div class=\"ugb-inner-block\"><div class=\"ugb-block-content\"><div class=\"ugb-card__item ugb-card__item1\"><div class=\"ugb-card__image\"><\/div><div class=\"ugb-card__content\"><h4 class=\"ugb-card__title\">Ewald Winkelmann<\/h4><p class=\"ugb-card__subtitle\">Vorsitzender<\/p><p class=\"ugb-card__description\">Ewald ist seit 2012 Mitglied des F\u00f6rdervereins und hat im Jahre 2019 das Amt des Vorsitzenden \u00fcbernommen<\/p><div class=\"ugb-button-container\"><a class=\"ugb-button ugb-button--size-normal\" href=\"https:\/\/f\u00f6rderverein-ff-felde.de\/?page_id=905\" rel=\"\" title=\"\"><span class=\"ugb-button--inner\">Kontakt<\/span><\/a><\/div><\/div><\/div><div class=\"ugb-card__item ugb-card__item2\"><div class=\"ugb-card__image\"><\/div><div class=\"ugb-card__content\"><h4 class=\"ugb-card__title\">Sebastian Ahrens<\/h4><p class=\"ugb-card__subtitle\">Stellvertretender Vorsitzender<\/p><p class=\"ugb-card__description\">Sebastian ist seit 2015 Mitglied des F\u00f6rdervereins und hat im Jahre 2016 das Amt des stellvertretenden Vorsitzenden \u00fcbernommen<\/p><div class=\"ugb-button-container\"><a class=\"ugb-button ugb-button--size-normal\" href=\"https:\/\/f\u00f6rderverein-ff-felde.de\/?page_id=905\" rel=\"\" title=\"\"><span class=\"ugb-button--inner\">Kontakt<\/span><\/a><\/div><\/div><\/div><div class=\"ugb-card__item ugb-card__item3\"><div class=\"ugb-card__image\"><\/div><div class=\"ugb-card__content\"><h4 class=\"ugb-card__title\">Timo Winkelmann<\/h4><p class=\"ugb-card__subtitle\">Kassenwart<\/p><p class=\"ugb-card__description\">Timo ist seit 2012 Mitglied des F\u00f6rdervereins und hat im Jahre 2013 das Amt des Kassenwarts \u00fcbernommen<\/p><div class=\"ugb-button-container\"><a class=\"ugb-button ugb-button--size-normal\" href=\"https:\/\/f\u00f6rderverein-ff-felde.de\/?page_id=905\" rel=\"\" title=\"\"><span class=\"ugb-button--inner\">Kontakt<\/span><\/a><\/div><\/div><\/div><\/div><\/div><\/div>\n\n\n\n<div class=\"wp-block-ugb-card ugb-card ugb-6e021fa ugb-card--v2 ugb-card--design-basic ugb-card--columns-2 ugb-main-block\"><style>.ugb-6e021fa .ugb-card__title,.ugb-6e021fa .ugb-card__subtitle,.ugb-6e021fa .ugb-card__description,.ugb-6e021fa .ugb-button-container{text-align:center}.ugb-6e021fa .ugb-card__item1 .ugb-card__image{background-image:url(https:\/\/f\u00f6rderverein-ff-felde.de\/wp-content\/uploads\/2021\/02\/Avatar.svg)}.ugb-6e021fa .ugb-card__item2 .ugb-card__image{background-image:url(https:\/\/f\u00f6rderverein-ff-felde.de\/wp-content\/uploads\/2021\/02\/Avatar.svg)}.ugb-6e021fa .ugb-inner-block{text-align:center}<\/style><div class=\"ugb-inner-block\"><div class=\"ugb-block-content\"><div class=\"ugb-card__item ugb-card__item1\"><div class=\"ugb-card__image\"><\/div><div class=\"ugb-card__content\"><h4 class=\"ugb-card__title\">Thomas Hormann<\/h4><p class=\"ugb-card__subtitle\">Schriftf\u00fchrer<\/p><p class=\"ugb-card__description\">Thomas ist seit 2012 Mitglied des F\u00f6rdervereins und hat im Jahre 2012 das Amt des Schriftf\u00fchrers \u00fcbernommen<\/p><div class=\"ugb-button-container\"><a class=\"ugb-button ugb-button--size-normal\" href=\"https:\/\/f\u00f6rderverein-ff-felde.de\/?page_id=905\" rel=\"\" title=\"\"><span class=\"ugb-button--inner\">Kontakt<\/span><\/a><\/div><\/div><\/div><div class=\"ugb-card__item ugb-card__item2\"><div class=\"ugb-card__image\"><\/div><div class=\"ugb-card__content\"><h4 class=\"ugb-card__title\">Gerhard Reu\u00df<\/h4><p class=\"ugb-card__subtitle\">Beisitzer<\/p><p class=\"ugb-card__description\">Gerhard ist seit 2012 Mitglied des F\u00f6rdervereins und hat im Jahre 2012 das Amt des Beisitzers \u00fcbernommen<\/p><div class=\"ugb-button-container\"><a class=\"ugb-button ugb-button--size-normal\" href=\"https:\/\/f\u00f6rderverein-ff-felde.de\/?page_id=905\" rel=\"\" title=\"\"><span class=\"ugb-button--inner\">Kontakt<\/span><\/a><\/div><\/div><\/div><\/div><\/div><\/div>\n","protected":false},"excerpt":{"rendered":"<p>Der F\u00f6rderverein Freiwillige Feuerwehr Felde e.V. wurde im Jahre 2012 von Mitgliedern der Freiwilligen Feuerwehr Felde gegr\u00fcndet. Zweck des Vereins ist, dass es jedem erm\u00f6glicht werden soll die Freiwillige Feuerwehr Felde und die Jugendfeuerwehr Riede-Felde direkt zu unterst\u00fctzen. Warum ist das n\u00f6tig? Der Tr\u00e4ger der Feuerwehr k\u00fcmmert sich um die grunds\u00e4tzliche Ausstattung der Feuerwehren. Sprich, das Feuerwehrhaus, die Fahrzeuge, die pers\u00f6nliche Schutzausr\u00fcstung der Mitglieder und die grunds\u00e4tzlichen Ger\u00e4tschaften f\u00fcr Brand- und Hilfeleistungseins\u00e4tze. Dar\u00fcberhinausgehender Bedarf wird nicht in jedem Fall vom Tr\u00e4ger \u00fcbernommen.Hierbei kann es sich von Nervennahrung f\u00fcr lange \u00fcberregionale Eins\u00e4tze, einheitliche T-Shirts f\u00fcr die Jugendfeuerwehr \u00fcber Beteiligung an Startgeldern\u2026<\/p>\n","protected":false},"author":1,"featured_media":0,"parent":0,"menu_order":0,"comment_status":"closed","ping_status":"closed","template":"","meta":[],"blocksy_meta":{"page_title_panel":"","has_hero_section":"default","27cb0f7ae478d80e7534957ff5f123bb":"","hero_section":"type-1","hero_elements":[{"id":"custom_title","enabled":true,"heading_tag":"h1","title":"Startseite"},{"id":"custom_description","enabled":true,"description_visibility":{"desktop":true,"tablet":true,"mobile":false}},{"id":"custom_meta","enabled":false,"meta_elements":[{"id":"author","enabled":true,"label":"Von","has_author_avatar":"yes","avatar_size":25},{"id":"post_date","enabled":true,"label":"Am","date_format_source":"default","date_format":"M j, Y"},{"id":"comments","enabled":true}],"page_meta_elements":{"joined":true,"articles_count":true,"comments":true}},{"id":"breadcrumbs","enabled":false}],"ffbdfae24535391b360905087b03967e":"","hero_alignment1":"left","hero_margin":{"desktop":50,"tablet":30,"mobile":30},"hero_alignment2":"center","hero_vertical_alignment":"center","7183c9f5926dee4cd05e7d4e773a1bd7":"","hero_structure":"narrow","d58b2f1908fcb45ae27b898c65cd4c40":"","page_title_bg_type":"featured_image","custom_hero_background":{"attachment_id":null},"parallax":{"desktop":false,"tablet":false,"mobile":false},"d113651f6eb422ef02ca150a1b023967":"","hero_height":"250px","pageTitleFont":{"family":"Default","variation":"Default","size":{"desktop":"32px","tablet":"30px","mobile":"25px"},"line-height":"CT_CSS_SKIP_RULE","letter-spacing":"CT_CSS_SKIP_RULE","text-transform":"CT_CSS_SKIP_RULE","text-decoration":"CT_CSS_SKIP_RULE"},"pageTitleFontColor":{"default":{"color":"CT_CSS_SKIP_RULEDEFAULT"}},"pageMetaFont":{"family":"Default","variation":"n6","size":"12px","line-height":"1.3","letter-spacing":"CT_CSS_SKIP_RULE","text-transform":"uppercase","text-decoration":"CT_CSS_SKIP_RULE"},"pageMetaFontColor":{"default":{"color":"CT_CSS_SKIP_RULEDEFAULT"},"hover":{"color":"CT_CSS_SKIP_RULEDEFAULT"}},"pageExcerptFont":{"family":"Default","variation":"Default","size":"CT_CSS_SKIP_RULE","line-height":"CT_CSS_SKIP_RULE","letter-spacing":"CT_CSS_SKIP_RULE","text-transform":"CT_CSS_SKIP_RULE","text-decoration":"CT_CSS_SKIP_RULE"},"pageExcerptColor":{"default":{"color":"CT_CSS_SKIP_RULEDEFAULT"}},"breadcrumbsFont":{"family":"Default","variation":"n6","size":"12px","line-height":"CT_CSS_SKIP_RULE","letter-spacing":"CT_CSS_SKIP_RULE","text-transform":"uppercase","text-decoration":"CT_CSS_SKIP_RULE"},"breadcrumbsFontColor":{"default":{"color":"CT_CSS_SKIP_RULEDEFAULT"},"initial":{"color":"CT_CSS_SKIP_RULEDEFAULT"},"hover":{"color":"CT_CSS_SKIP_RULEDEFAULT"}},"pageTitleOverlay":{"default":{"color":"CT_CSS_SKIP_RULE"}},"pageTitleBackground":{"background_type":"color","background_pattern":"type-1","background_image":{"attachment_id":null,"x":0,"y":0},"gradient":"linear-gradient(135deg,rgba(6,147,227,1) 0%,rgb(155,81,224) 100%)","background_repeat":"no-repeat","background_size":"auto","background_attachment":"scroll","patternColor":{"default":{"color":"#e5e7ea"}},"overlayColor":{"default":{"color":"CT_CSS_SKIP_RULE"}},"backgroundColor":{"default":{"color":"#EDEFF2"}}},"pageTitlePadding":{"top":"50px","bottom":"50px","left":"auto","right":"auto","linked":true},"baf9dea1cce6df4f993989a2907bf190":"","page_structure_type":"type-1","content_style":"inherit","vertical_spacing_source":"inherit","content_area_spacing":"both","background":{"background_type":"color","background_pattern":"type-1","background_image":{"attachment_id":null,"x":0,"y":0},"gradient":"linear-gradient(135deg,rgba(6,147,227,1) 0%,rgb(155,81,224) 100%)","background_repeat":"no-repeat","background_size":"auto","background_attachment":"scroll","patternColor":{"default":{"color":"#e5e7ea"}},"overlayColor":{"default":{"color":"CT_CSS_SKIP_RULE"}},"backgroundColor":{"default":{"color":"CT_CSS_SKIP_RULE"}}},"content_background":{"background_type":"color","background_pattern":"type-1","background_image":{"attachment_id":null,"x":0,"y":0},"gradient":"linear-gradient(135deg,rgba(6,147,227,1) 0%,rgb(155,81,224) 100%)","background_repeat":"no-repeat","background_size":"auto","background_attachment":"scroll","patternColor":{"default":{"color":"#e5e7ea"}},"overlayColor":{"default":{"color":"CT_CSS_SKIP_RULE"}},"backgroundColor":{"default":{"color":"#ffffff"}}},"content_boxed_shadow":{"inherit":false,"blur":18,"spread":-6,"v_offset":12,"h_offset":0,"inset":false,"enable":true,"color":{"color":"rgba(34, 56, 101, 0.04)"}},"boxed_content_spacing":{"desktop":{"top":"40px","bottom":"40px","left":"40px","right":"40px","linked":true},"tablet":{"top":"35px","bottom":"35px","left":"35px","right":"35px","linked":true},"mobile":{"top":"20px","bottom":"20px","left":"20px","right":"20px","linked":true}},"content_boxed_radius":{"top":"3px","bottom":"3px","left":"3px","right":"3px","linked":true},"d38933e909e494a81be553a2b2c6a04c":"","disable_featured_image":"no","disable_header":"no","disable_footer":"no"},"featured_image_urls":{"full":"","thumbnail":"","medium":"","medium_large":"","large":"","1536x1536":"","2048x2048":""},"post_excerpt_stackable":"<p>Der F\u00f6rderverein Freiwillige Feuerwehr Felde e.V. wurde im Jahre 2012 von Mitgliedern der Freiwilligen Feuerwehr Felde gegr\u00fcndet. Zweck des Vereins ist, dass es jedem erm\u00f6glicht werden soll die Freiwillige Feuerwehr Felde und die Jugendfeuerwehr Riede-Felde direkt zu unterst\u00fctzen.Warum ist das n\u00f6tig? Der Tr\u00e4ger der Feuerwehr k\u00fcmmert sich um die grunds\u00e4tzliche Ausstattung der Feuerwehren. Sprich, das Feuerwehrhaus, die Fahrzeuge, die pers\u00f6nliche Schutzausr\u00fcstung der Mitglieder und die grunds\u00e4tzlichen Ger\u00e4tschaften f\u00fcr Brand- und Hilfeleistungseins\u00e4tze. Dar\u00fcberhinausgehender Bedarf wird nicht in jedem Fall vom Tr\u00e4ger \u00fcbernommen.Hierbei kann es sich von Nervennahrung f\u00fcr lange \u00fcberregionale Eins\u00e4tze, einheitliche T-Shirts f\u00fcr die Jugendfeuerwehr \u00fcber Beteiligung an Startgeldern f\u00fcr&hellip;<\/p>\n","category_list":"","author_info":{"name":"Thomas","url":"https:\/\/f\u00f6rderverein-ff-felde.de\/?author=1"},"comments_num":"0 comments","featured_image_urls_v2":{"full":"","thumbnail":"","medium":"","medium_large":"","large":"","1536x1536":"","2048x2048":""},"post_excerpt_stackable_v2":"<p>Der F\u00f6rderverein Freiwillige Feuerwehr Felde e.V. wurde im Jahre 2012 von Mitgliedern der Freiwilligen Feuerwehr Felde gegr\u00fcndet. Zweck des Vereins ist, dass es jedem erm\u00f6glicht werden soll die Freiwillige Feuerwehr Felde und die Jugendfeuerwehr Riede-Felde direkt zu unterst\u00fctzen.Warum ist das n\u00f6tig? Der Tr\u00e4ger der Feuerwehr k\u00fcmmert sich um die grunds\u00e4tzliche Ausstattung der Feuerwehren. Sprich, das Feuerwehrhaus, die Fahrzeuge, die pers\u00f6nliche Schutzausr\u00fcstung der Mitglieder und die grunds\u00e4tzlichen Ger\u00e4tschaften f\u00fcr Brand- und Hilfeleistungseins\u00e4tze. Dar\u00fcberhinausgehender Bedarf wird nicht in jedem Fall vom Tr\u00e4ger \u00fcbernommen.Hierbei kann es sich von Nervennahrung f\u00fcr lange \u00fcberregionale Eins\u00e4tze, einheitliche T-Shirts f\u00fcr die Jugendfeuerwehr \u00fcber Beteiligung an Startgeldern f\u00fcr&hellip;<\/p>\n","category_list_v2":"","author_info_v2":{"name":"Thomas","url":"https:\/\/f\u00f6rderverein-ff-felde.de\/?author=1"},"comments_num_v2":"0 comments","_links":{"self":[{"href":"https:\/\/f\u00f6rderverein-ff-felde.de\/index.php?rest_route=\/wp\/v2\/pages\/869"}],"collection":[{"href":"https:\/\/f\u00f6rderverein-ff-felde.de\/index.php?rest_route=\/wp\/v2\/pages"}],"about":[{"href":"https:\/\/f\u00f6rderverein-ff-felde.de\/index.php?rest_route=\/wp\/v2\/types\/page"}],"author":[{"embeddable":true,"href":"https:\/\/f\u00f6rderverein-ff-felde.de\/index.php?rest_route=\/wp\/v2\/users\/1"}],"replies":[{"embeddable":true,"href":"https:\/\/f\u00f6rderverein-ff-felde.de\/index.php?rest_route=%2Fwp%2Fv2%2Fcomments&post=869"}],"version-history":[{"count":22,"href":"https:\/\/f\u00f6rderverein-ff-felde.de\/index.php?rest_route=\/wp\/v2\/pages\/869\/revisions"}],"predecessor-version":[{"id":1132,"href":"https:\/\/f\u00f6rderverein-ff-felde.de\/index.php?rest_route=\/wp\/v2\/pages\/869\/revisions\/1132"}],"wp:attachment":[{"href":"https:\/\/f\u00f6rderverein-ff-felde.de\/index.php?rest_route=%2Fwp%2Fv2%2Fmedia&parent=869"}],"curies":[{"name":"wp","href":"https:\/\/api.w.org\/{rel}","templated":true}]}}