{"id":578,"date":"2020-06-12T16:06:50","date_gmt":"2020-06-12T16:06:50","guid":{"rendered":"https:\/\/demo.creativethemes.com\/blocksy\/charity\/?page_id=8"},"modified":"2022-11-12T14:00:14","modified_gmt":"2022-11-12T13:00:14","slug":"home","status":"publish","type":"page","link":"https:\/\/f\u00f6rderverein-ff-felde.de\/","title":{"rendered":"Home"},"content":{"rendered":"\n<div class=\"alignwide wp-block-ugb-notification ugb-notification ugb-8da9b3d ugb-notification--v2 ugb-notification--design-basic ugb-notification--type-info ugb-notification--dismissible ugb-main-block ugb--has-custom-content-width\"><style>.ugb-8da9b3d .ugb-notification__item{border-radius:0px !important;background-color:rgba(255,255,255,1) !important}.ugb-8da9b3d .ugb-notification__item:before{background-color:#ffffff !important}.ugb-8da9b3d .ugb-notification__close-button svg{fill:#313131 !important}.ugb-8da9b3d .ugb-notification__icon svg:not(.ugb-custom-icon){color:#313131 !important}.ugb-8da9b3d .ugb-notification__icon{margin-left:auto !important;margin-right:auto !important;height:100px !important;width:100px !important;opacity:1 !important}.ugb-8da9b3d .ugb-notification__icon .ugb-icon-inner-svg,.ugb-8da9b3d .ugb-notification__icon .ugb-icon-inner-svg svg{width:100px !important;height:100px !important}.ugb-8da9b3d .ugb-notification__icon .ugb-icon-inner-svg{color:#313131 !important}.ugb-8da9b3d .ugb-notification__description{color:var(--stk-global-color-88711,#313131) !important}.ugb-8da9b3d .ugb-inner-block{text-align:center}.ugb-8da9b3d.ugb-notification > .ugb-inner-block{max-width:600px !important}.ugb-8da9b3d .ugb-notification__icon .ugb-icon-inner-svg,.ugb-8da9b3d .ugb-notification__icon .ugb-icon-inner-svg svg *{color:#313131 !important;fill:#313131 !important}<\/style><div class=\"ugb-inner-block\"><div class=\"ugb-block-content\"><div class=\"ugb-notification__item ugb-notification--new-icon ugb--shadow-6\"><span class=\"ugb-notification__close-button\" role=\"button\" tabindex=\"0\"><svg viewBox=\"0 0 28.3 28.3\" xmlns=\"http:\/\/www.w3.org\/2000\/svg\"><path d=\"M52.4-166.2c3.2 0 3.2-5 0-5s-3.2 5 0 5zM16.8 13.9L26.9 3.8c.6-.6.6-1.5 0-2.1s-1.5-.6-2.1 0L14.7 11.8 4.6 1.7c-.6-.6-1.5-.6-2.1 0s-.6 1.5 0 2.1l10.1 10.1L2.5 24c-.6.6-.6 1.5 0 2.1.3.3.7.4 1.1.4s.8-.1 1.1-.4l10-10.1 10.1 10.1c.3.3.7.4 1.1.4s.8-.1 1.1-.4c.6-.6.6-1.5 0-2.1L16.8 13.9z\"><\/path><\/svg><\/span><div class=\"ugb-notification__icon\"><div class=\"ugb-icon-inner-svg\"><svg data-prefix=\"fas\" data-icon=\"exclamation-triangle\" class=\"svg-inline--fa fa-exclamation-triangle fa-w-18\" role=\"img\" xmlns=\"http:\/\/www.w3.org\/2000\/svg\" viewBox=\"0 0 576 512\"><path fill=\"currentColor\" d=\"M569.517 440.013C587.975 472.007 564.806 512 527.94 512H48.054c-36.937 0-59.999-40.055-41.577-71.987L246.423 23.985c18.467-32.009 64.72-31.951 83.154 0l239.94 416.028zM288 354c-25.405 0-46 20.595-46 46s20.595 46 46 46 46-20.595 46-46-20.595-46-46-46zm-43.673-165.346l7.418 136c.347 6.364 5.609 11.346 11.982 11.346h48.546c6.373 0 11.635-4.982 11.982-11.346l7.418-136c.375-6.874-5.098-12.654-11.982-12.654h-63.383c-6.884 0-12.356 5.78-11.981 12.654z\"><\/path><\/svg><\/div><\/div><p class=\"ugb-notification__description\">Diese Website befindet sich derzeit im Aufbau. Aus dem Grund sind noch nicht alle Seiten mit Content gef\u00fcllt.<\/p><\/div><\/div><\/div><\/div>\n\n\n\n<div class=\"wp-block-ugb-heading ugb-heading ugb-2e5a66b ugb-main-block\"><div class=\"ugb-inner-block\"><div class=\"ugb-block-content\"><h2 class=\"ugb-heading__title\">Willkommen <\/h2><p class=\"ugb-heading__subtitle\">auf den Seiten des F\u00f6rdervereins Freiwillige Feuerwehr Felde e.V. Staging<\/p><\/div><\/div><\/div>\n\n\n\n<div class=\"wp-block-ugb-text ugb-text ugb-8c98790 ugb-text--design-plain ugb-text--columns-1 ugb-main-block\"><div class=\"ugb-inner-block\"><div class=\"ugb-block-content\"><div class=\"ugb-text__text-wrapper\"><div class=\"ugb-text__text\"><p class=\"ugb-text__text-1\">Hier m\u00f6chsten wir dich \u00fcber uns, unsere Arbeit und unsere Aufgaben informieren.<br><\/p><\/div><\/div><\/div><\/div><\/div>\n","protected":false},"excerpt":{"rendered":"<p>Diese Website befindet sich derzeit im Aufbau. Aus dem Grund sind noch nicht alle Seiten mit Content gef\u00fcllt. Willkommen auf den Seiten des F\u00f6rdervereins Freiwillige Feuerwehr Felde e.V. Staging Hier m\u00f6chsten wir dich \u00fcber uns, unsere Arbeit und unsere Aufgaben informieren.<\/p>\n","protected":false},"author":1,"featured_media":0,"parent":0,"menu_order":0,"comment_status":"closed","ping_status":"closed","template":"","meta":[],"blocksy_meta":{"page_title_panel":"","has_hero_section":"disabled","076be96311decf26ca3a313b8550cf1e":"","hero_section":"type-1","hero_elements":[{"id":"custom_title","enabled":true,"heading_tag":"h1","title":"Home"},{"id":"custom_description","enabled":true,"description_visibility":{"desktop":true,"tablet":true,"mobile":false}},{"id":"custom_meta","enabled":false,"meta_elements":[{"id":"author","enabled":true,"label":"By","has_author_avatar":"yes","avatar_size":25},{"id":"post_date","enabled":true,"label":"On","date_format_source":"default","date_format":"M j, Y"},{"id":"comments","enabled":true}],"page_meta_elements":{"joined":true,"articles_count":true,"comments":true}},{"id":"breadcrumbs","enabled":false}],"810cb9295a9c73f2b84243b1a80e11bc":"","hero_alignment1":"left","hero_alignment2":"center","hero_height":"230px","page_title_bg_type":"color","custom_hero_background":{"attachment_id":null},"parallax":{"desktop":false,"tablet":false,"mobile":false},"pageTitleFont":{"family":"Default","variation":"Default","size":{"desktop":"32px","tablet":"30px","mobile":"25px"},"line-height":"1.3","letter-spacing":"CT_CSS_SKIP_RULE","text-transform":"CT_CSS_SKIP_RULE","text-decoration":"CT_CSS_SKIP_RULE"},"pageTitleFontColor":{"default":{"color":"CT_CSS_SKIP_RULEDEFAULT"}},"pageMetaFont":{"family":"Default","variation":"n6","size":{"desktop":"12px","tablet":"12px","mobile":"12px"},"line-height":"1.3","letter-spacing":"CT_CSS_SKIP_RULE","text-transform":"uppercase","text-decoration":"CT_CSS_SKIP_RULE"},"pageMetaFontColor":{"default":{"color":"CT_CSS_SKIP_RULEDEFAULT"},"hover":{"color":"CT_CSS_SKIP_RULEDEFAULT"}},"pageExcerptFont":{"family":"Default","variation":"n5","size":"CT_CSS_SKIP_RULE","line-height":"CT_CSS_SKIP_RULE","letter-spacing":"CT_CSS_SKIP_RULE","text-transform":"CT_CSS_SKIP_RULE","text-decoration":"CT_CSS_SKIP_RULE"},"pageExcerptColor":{"default":{"color":"CT_CSS_SKIP_RULEDEFAULT"}},"breadcrumbsFont":{"family":"Default","variation":"n6","size":"12px","line-height":"CT_CSS_SKIP_RULE","letter-spacing":"CT_CSS_SKIP_RULE","text-transform":"uppercase","text-decoration":"CT_CSS_SKIP_RULE"},"breadcrumbsFontColor":{"default":{"color":"CT_CSS_SKIP_RULEDEFAULT"},"initial":{"color":"CT_CSS_SKIP_RULEDEFAULT"},"hover":{"color":"CT_CSS_SKIP_RULEDEFAULT"}},"pageTitleOverlay":{"default":{"color":"rgba(41, 51, 60, 0.2)"}},"pageTitleBackground":{"background_type":"color","background_pattern":"type-1","background_image":{"attachment_id":null,"x":0,"y":0},"gradient":"linear-gradient(135deg,rgba(6,147,227,1) 0%,rgb(155,81,224) 100%)","background_repeat":"no-repeat","background_size":"auto","background_attachment":"scroll","patternColor":{"default":{"color":"#e5e7ea"}},"overlayColor":{"default":{"color":"CT_CSS_SKIP_RULE"}},"backgroundColor":{"default":{"color":"#EDEFF2"}}},"873f51726973d80a3dc608538aa6448c":"","page_structure_type":"type-1","page_enable_vertical_spacing":"no","de44c8d08163b24519d38c7bdb3d87a0":"","disable_featured_image":"no","8b0c47a80bcd2f62a573a33beb1068ad":"","171405a8dc0a0416f3c637dd07b05b7e":"","hero_margin":{"desktop":50,"tablet":30,"mobile":30},"hero_vertical_alignment":"center","f21fef718e5441adf8997cad61e15c5e":"","hero_structure":"narrow","fc39735855065415309363bb0a48c9ce":"","10b14450af21e68b2d8b460df7068191":"","pageTitlePadding":{"top":"50px","bottom":"50px","left":"auto","right":"auto","linked":true},"652c44c3dde4eaddfe167a425b3cbac6":"","content_style":"inherit","vertical_spacing_source":"inherit","content_area_spacing":"both","background":{"background_type":"color","background_pattern":"type-1","background_image":{"attachment_id":null,"x":0,"y":0},"gradient":"linear-gradient(135deg,rgba(6,147,227,1) 0%,rgb(155,81,224) 100%)","background_repeat":"no-repeat","background_size":"auto","background_attachment":"scroll","patternColor":{"default":{"color":"#e5e7ea"}},"overlayColor":{"default":{"color":"CT_CSS_SKIP_RULE"}},"backgroundColor":{"default":{"color":"CT_CSS_SKIP_RULE"}}},"content_background":{"background_type":"color","background_pattern":"type-1","background_image":{"attachment_id":null,"x":0,"y":0},"gradient":"linear-gradient(135deg,rgba(6,147,227,1) 0%,rgb(155,81,224) 100%)","background_repeat":"no-repeat","background_size":"auto","background_attachment":"scroll","patternColor":{"default":{"color":"#e5e7ea"}},"overlayColor":{"default":{"color":"CT_CSS_SKIP_RULE"}},"backgroundColor":{"default":{"color":"#ffffff"}}},"content_boxed_shadow":{"inherit":false,"blur":18,"spread":-6,"v_offset":12,"h_offset":0,"inset":false,"enable":true,"color":{"color":"rgba(34, 56, 101, 0.04)"}},"boxed_content_spacing":{"desktop":{"top":"40px","bottom":"40px","left":"40px","right":"40px","linked":true},"tablet":{"top":"35px","bottom":"35px","left":"35px","right":"35px","linked":true},"mobile":{"top":"20px","bottom":"20px","left":"20px","right":"20px","linked":true}},"content_boxed_radius":{"top":"3px","bottom":"3px","left":"3px","right":"3px","linked":true},"6196ceece2959a52a93869ebf06b3102":"","disable_header":"no","disable_footer":"no"},"featured_image_urls":{"full":"","thumbnail":"","medium":"","medium_large":"","large":"","1536x1536":"","2048x2048":""},"post_excerpt_stackable":"<p>Diese Website befindet sich derzeit im Aufbau. Aus dem Grund sind noch nicht alle Seiten mit Content gef\u00fcllt. Willkommen auf den Seiten des F\u00f6rdervereins Freiwillige Feuerwehr Felde e.V. Staging Hier m\u00f6chsten wir dich \u00fcber uns, unsere Arbeit und unsere Aufgaben informieren.<\/p>\n","category_list":"","author_info":{"name":"Thomas","url":"https:\/\/f\u00f6rderverein-ff-felde.de\/?author=1"},"comments_num":"0 comments","featured_image_urls_v2":{"full":"","thumbnail":"","medium":"","medium_large":"","large":"","1536x1536":"","2048x2048":""},"post_excerpt_stackable_v2":"<p>Diese Website befindet sich derzeit im Aufbau. Aus dem Grund sind noch nicht alle Seiten mit Content gef\u00fcllt. Willkommen auf den Seiten des F\u00f6rdervereins Freiwillige Feuerwehr Felde e.V. Staging Hier m\u00f6chsten wir dich \u00fcber uns, unsere Arbeit und unsere Aufgaben informieren.<\/p>\n","category_list_v2":"","author_info_v2":{"name":"Thomas","url":"https:\/\/f\u00f6rderverein-ff-felde.de\/?author=1"},"comments_num_v2":"0 comments","_links":{"self":[{"href":"https:\/\/f\u00f6rderverein-ff-felde.de\/index.php?rest_route=\/wp\/v2\/pages\/578"}],"collection":[{"href":"https:\/\/f\u00f6rderverein-ff-felde.de\/index.php?rest_route=\/wp\/v2\/pages"}],"about":[{"href":"https:\/\/f\u00f6rderverein-ff-felde.de\/index.php?rest_route=\/wp\/v2\/types\/page"}],"author":[{"embeddable":true,"href":"https:\/\/f\u00f6rderverein-ff-felde.de\/index.php?rest_route=\/wp\/v2\/users\/1"}],"replies":[{"embeddable":true,"href":"https:\/\/f\u00f6rderverein-ff-felde.de\/index.php?rest_route=%2Fwp%2Fv2%2Fcomments&post=578"}],"version-history":[{"count":22,"href":"https:\/\/f\u00f6rderverein-ff-felde.de\/index.php?rest_route=\/wp\/v2\/pages\/578\/revisions"}],"predecessor-version":[{"id":1130,"href":"https:\/\/f\u00f6rderverein-ff-felde.de\/index.php?rest_route=\/wp\/v2\/pages\/578\/revisions\/1130"}],"wp:attachment":[{"href":"https:\/\/f\u00f6rderverein-ff-felde.de\/index.php?rest_route=%2Fwp%2Fv2%2Fmedia&parent=578"}],"curies":[{"name":"wp","href":"https:\/\/api.w.org\/{rel}","templated":true}]}}